{"id":6719,"date":"2019-12-17T11:55:03","date_gmt":"2019-12-17T09:55:03","guid":{"rendered":"https:\/\/www.mamibot.ee\/muugitingimused\/"},"modified":"2020-11-06T09:42:45","modified_gmt":"2020-11-06T07:42:45","slug":"muugitingimused","status":"publish","type":"page","link":"https:\/\/www.mamibot.ee\/en\/muugitingimused\/","title":{"rendered":"M\u00fc\u00fcgitingimused"},"content":{"rendered":"<div class=\"wpb-content-wrapper\"><p>[vc_row][vc_column][vc_column_text]<\/p>\n<div class=\"page-title\">\n<h1 style=\"text-align: center;\">M\u00dc\u00dcGITINGIMUSED<\/h1>\n<\/div>\n<div class=\"std\">\n<p><strong>Milliseid isikuandmeid t\u00f6\u00f6deldakse<\/strong><\/p>\n<ul>\n<li>nimi;<\/li>\n<li>kontaktinfo, nagu telefoninumber ja e-posti aadress;<\/li>\n<li>maksja ja kohaletoimetamise aadress;<\/li>\n<li>pangakonto number;<\/li>\n<li>kaupade ja teenuste maksumus ja maksetega seotud andmed (ostuajalugu);<\/li>\n<li>klienditoe andmed;<\/li>\n<li>muu kliendiuuringute ja\/v\u00f5i pakkumistega seotud teave.<\/li>\n<\/ul>\n<ol>\n<li>\n<h2>\u00dcLDTINGIMUSED<\/h2>\n<ol>\n<li>M\u00fc\u00fcgitingimused kehtivad <a href=\"https:\/\/www.mamibot.ee\">mamibot.ee<\/a> veebipoe klientide ja <a href=\"https:\/\/www.inforegister.ee\/12327137-GOLDSTAR-EESTI-OU\">Goldstar Eesti O\u00dc<\/a> vahel kaupade ostmisel tekkivate \u00f5iguste ja kohustuste kohta.<\/li>\n<li>Mamibot.ee kasutajaks registreerides ja\/v\u00f5i toodete ostmiseks kohalduvad k\u00e4esoleva lepingu tingimused ja Eesti Vabariigi \u00f5igusaktidest tulenevad \u00f5igused ja kohustused.<\/li>\n<li>Mamibot.ee j\u00e4tab endale \u00f5iguse teha muudatusi m\u00fc\u00fcgitingimustes ja m\u00fc\u00fcgihindades. Nimetatud muudatusi kajastatakse mamibot.ee veebilehel.<\/li>\n<\/ol>\n<\/li>\n<li>\n<h2>M\u00dc\u00dcGILEPINGU J\u00d5USTUMINE<\/h2>\n<ol>\n<li>Mamibot.ee m\u00fc\u00fcb ja Klient ostab e-poes pakutavaid tooteid.<\/li>\n<li>Mamibot.ee ja Kliendi vahel j\u00f5ustub m\u00fc\u00fcgileping alates tellimuse kinnituse j\u00e4rgi tasumisele kuuluva summa laekumisest Goldstar Eesti O\u00dc arvelduskontole.<\/li>\n<li>Mamibot.ee veebipoes tellimust vormistades ning maksmist sooritades, kinnitab Klient, et ta on tutvunud m\u00fc\u00fcgitingimustega ja on nendega n\u00f5us.<\/li>\n<\/ol>\n<\/li>\n<li>\n<h2>HINNAD<\/h2>\n<ol>\n<li>K\u00f5ik mamibot.ee veebipoes olevad hinnad on eurodes ja sisaldavad k\u00e4ibemaksu 20%.<\/li>\n<li>Mamibot.ee j\u00e4tab endale \u00f5iguse korrigeerida hindu. Kui Klient edastas oma tellimuse enne hinna muudatuste j\u00f5ustumist, siis tema jaoks kehtib hind, mis oli arvel kajastatud tellimuse vormistamise momendil. Kliendil ei ole \u00f5igust n\u00f5uda hinnavahe kompenseerimist.<\/li>\n<\/ol>\n<\/li>\n<li>\n<h2>TELLIMUSE VORMISTAMINE JA KAUBA EEST TASUMINE<\/h2>\n<ol>\n<li>Tellimuse tasumisel saab Klient valida omale sobiva makseviisi: Swedbank, SEB Pank, Danske Pank, Nordea Pank, LHV Pank ja Krediidipank pangalingiga v\u00f5i krediitkaardiga. Klient maksab 100% tellimuse summast tellimuse kinnitamiseks.<\/li>\n<li>M\u00fc\u00fcgileping loetakse s\u00f5lmituks ja tellimuse t\u00e4itmist alustatakse kohe peale seda, kui Klient on tasunud 100% tellimuse kinnitusest.<\/li>\n<\/ol>\n<\/li>\n<li>\n<h2>KOHALETOIMETAMINE<\/h2>\n<ol>\n<li>Peale m\u00fc\u00fcgilepingu j\u00f5ustumist (Kliendipoolset arve tasumist) komplekteerib mamibot.ee tellimuse ning annab selle \u00fcle kohaletoimetamiseks meie logistikapartneritele.<\/li>\n<li>Mamibot.ee veebilehel n\u00e4idatud kohaletoimetamise t\u00e4htajad kehtivad arve tasumise hetkest.<\/li>\n<li>Sihtkoha v\u00f5i kokkulepitud aja muutumisest on Klient kohustatud teavitama mamibot.ee\u00b4d koheselt enne kauba kohaletoomist.<\/li>\n<li>Tellimuses esitatud andmete t\u00e4psusest ja \u00f5igsusest s\u00f5ltub viivituste ja arusaamatuste v\u00e4ltimine kauba kohaletoimetamisel. Mamibot.ee ei vastuta toodete kohaletoimetamise viivituse ja tekkinud arusaamatuste eest juhul, kui viivitus v\u00f5i arusaamatus on tingitud Kliendi poolt tellimuse vormistamisel esitatud andmete ebat\u00e4psusest.<\/li>\n<li>Transpordi k\u00e4igus vigastada saanud saadetistele kus tooted, kuid mitte tootepakendid, on saanud kahjustusi, saavad Kliendile asendatud. Asendamise v\u00f5imatuks osutumise korral pakume kahjustatud kauba maksumuse h\u00fcvitamist.<\/li>\n<\/ol>\n<\/li>\n<li>\n<h2>TAGASTAMIS\u00d5IGUS<\/h2>\n<ol>\n<li>Vastavalt V\u00d5S \u00a7-le 56 lg 1, on kliendil \u00f5igus taganeda lepingust 14 p\u00e4eva jooksul alates kauba k\u00e4ttesaamisest.<\/li>\n<li>Tagastatav kaup peab olema kasutamata, kahjustamata ja orginaalpakendis.<\/li>\n<li>Kauba tagastamiskulud kannab klient, v\u00e4lja arvatud juhul kui tagastamise p\u00f5hjuseks on mittevastavus tellitule v\u00f5i praakkaup.<\/li>\n<li>Kauba tagastamiseks tuleb esitada kauba tagastamise avaldus vabas vormis e-posti aadressil\u00a0<a href=\"mailto:info@mamibot.ee\">info@mamibot.ee<\/a> 14 p\u00e4eva jooksul alates kauba k\u00e4tte saamisest. Tagastamisavaldus peab sisaldama Kliendi nime, toote nime ning arve v\u00f5i tellimuse numbrit.<\/li>\n<li>Raha tagastatud kauba eest h\u00fcvitatakse Kliendile koheselt, kuid mitte hiljem kui 14 p\u00e4eva m\u00f6\u00f6dumisel taganemisavalduse k\u00e4ttesaamisest. Lisaks tagastatud kauba maksumusele tagastatakse ka kauba k\u00e4ttetoimetamis kulud.<\/li>\n<li>Tagastusvorm on leitav siit &#8211; (<a href=\"https:\/\/www.mamibot.ee\/tagastamine\/\">link<\/a>)<\/li>\n<\/ol>\n<\/li>\n<li>\n<h2>PRETENSIOONIDE ESITAMISE KORD<\/h2>\n<ol>\n<li>Vastavalt V\u00f5la\u00f5igusseadusele on Kliendil \u00f5igus pretensioone esitada 2 aasta jooksul tootel ilmnenud lepingutingimuste mittevastavuse eest alates kauba k\u00e4ttesaamisest, sellest kuue esimese kuu jooksul tekkinud defekti puhul eeldatakse, et see oli olemas ostmise momendil ning defekti iseloomu peab v\u00e4lja selgitama m\u00fc\u00fcja.<\/li>\n<li>Toote defekti ilmnemisel, kohustub Klient teavitama mamibot.ee\u00b4d probleemist e-posti aadressil <a href=\"mailto:info@mamibot.ee\">info@mamibot.ee<\/a>\u00a0ning esitama j\u00e4rgmise informatsiooni: nimi, kontaktandmed ja toote puudus. Vastav avaldus peab olema saadetud mitte hiljem kui 2-kuu jooksul peale defekti avastamist.<\/li>\n<li>Mamibot.ee ei vastuta:\n<ul>\n<li>Kliendi s\u00fc\u00fcl v\u00f5i hoolimatusel tekkinud toote kahjustamise eest<\/li>\n<li>Defektide eest, mis on tekkinud toote mittesihip\u00e4rase kasutamise tagaj\u00e4rjel<\/li>\n<li>Toote loomuliku f\u00fc\u00fcsilise kulumise eest tavap\u00e4rase kasutamise korral.<\/li>\n<\/ul>\n<\/li>\n<\/ol>\n<\/li>\n<li>\n<h2>VASTUTUS JA V\u00c4\u00c4RAMATUD J\u00d5UD<\/h2>\n<ol>\n<li>Mamibot.ee vastutab Kliendi ees ja Klient vastutab mamibot.ee ees teisele poolele k\u00e4esolevate tingimuste rikkumisega tekitatud kahju eest Eesti Vabariigis kehtivates \u00f5igusaktides s\u00e4testatud juhtudel ja ulatuses.<\/li>\n<li>Mamibot.ee ei vastuta Kliendile tekitatud kahjude eest v\u00f5i toote kohaletoimetamise viibimise eest juhul, kui kahju v\u00f5i toote kohaletoomise viibimine on tingitud asjaolust, mida polti.ee ei saanud m\u00f5jutada ette n\u00e4ha.<\/li>\n<\/ol>\n<\/li>\n<li>\n<h2>PRIVAATSUS<\/h2>\n<ol>\n<li>Mamibot.ee veebilehe kasutamisega annab Klient selge ja teadliku n\u00f5usoleku mamibot.ee\u00b4le enda isikuandmete t\u00f6\u00f6tlemiseks.<\/li>\n<li>Mamibot.ee kasutab Kliendi esitatud informatsiooni ainult Kliendi ostutellimuse t\u00e4itmiseks ja ei avalda neid kolmandatele osapooltele.<\/li>\n<\/ol>\n<\/li>\n<li>\n<h2>MUUD TINGIMUSED<\/h2>\n<ol>\n<li>K\u00e4esolevate tingimuste t\u00e4itmisest tulenevaid eriarvamusi ja vaidlusi lahendavad pooled eelk\u00f5ige l\u00e4bir\u00e4\u00e4kimiste teel. Kui Lepingust tulenevaid vaidlusi ei \u00f5nnestu lahendada poolte l\u00e4bir\u00e4\u00e4kimistega, on nii Kliendil \u00f5igus p\u00f6\u00f6rduda oma \u00f5iguste kaitseks Tarbijakaitse ja Tehnilise J\u00e4relvalve Amet (<a href=\"https:\/\/www.ttja.ee\/et\">link<\/a>)\u00a0v\u00f5i Kohtusse. mamibot.ee-l on \u00f5igus p\u00f6\u00f6rduda oma \u00f5iguste kaitseks Kohtusse.<\/li>\n<\/ol>\n<\/li>\n<\/ol>\n<\/div>\n<p>[\/vc_column_text][\/vc_column][\/vc_row]<\/p>\n<\/div>","protected":false},"excerpt":{"rendered":"<p>[vc_row][vc_column][vc_column_text] M\u00dc\u00dcGITINGIMUSED Milliseid isikuandmeid t\u00f6\u00f6deldakse nimi; kontaktinfo, nagu telefoninumber ja e-posti aadress; maksja ja kohaletoimetamise aadress; pangakonto number; kaupade ja teenuste maksumus ja maksetega seotud andmed (ostuajalugu); klienditoe andmed; muu kliendiuuringute ja\/v\u00f5i pakkumistega seotud teave. \u00dcLDTINGIMUSED M\u00fc\u00fcgitingimused kehtivad mamibot.ee veebipoe klientide ja Goldstar Eesti O\u00dc vahel kaupade ostmisel tekkivate \u00f5iguste ja kohustuste kohta. Mamibot.ee kasutajaks [&hellip;]<\/p>\n","protected":false},"author":1,"featured_media":0,"parent":0,"menu_order":0,"comment_status":"closed","ping_status":"closed","template":"","meta":{"footnotes":""},"class_list":["post-6719","page","type-page","status-publish","hentry"],"yoast_head":"<!-- This site is optimized with the Yoast SEO plugin v25.4 - https:\/\/yoast.com\/wordpress\/plugins\/seo\/ -->\n<title>Mamibot M\u00fc\u00fcgitingimused tutvu tingimustega | Robot cleaners | Mamibot<\/title>\n<meta name=\"description\" content=\"Mamibot m\u00fc\u00fcgitingimused. Tutvu mamibot.ee m\u00fc\u00fcgitingimustega. Robottolmuimejad ja robotaknapesurid otse maaletoojalt.\" \/>\n<meta name=\"robots\" content=\"index, follow, max-snippet:-1, max-image-preview:large, max-video-preview:-1\" \/>\n<link rel=\"canonical\" href=\"https:\/\/www.mamibot.ee\/en\/muugitingimused\/\" \/>\n<meta property=\"og:locale\" content=\"en_US\" \/>\n<meta property=\"og:type\" content=\"article\" \/>\n<meta property=\"og:title\" content=\"Mamibot M\u00fc\u00fcgitingimused tutvu tingimustega | Robot cleaners | Mamibot\" \/>\n<meta property=\"og:description\" content=\"Mamibot m\u00fc\u00fcgitingimused. Tutvu mamibot.ee m\u00fc\u00fcgitingimustega. Robottolmuimejad ja robotaknapesurid otse maaletoojalt.\" \/>\n<meta property=\"og:url\" content=\"https:\/\/www.mamibot.ee\/en\/muugitingimused\/\" \/>\n<meta property=\"og:site_name\" content=\"Robot cleaners | Mamibot\" \/>\n<meta property=\"article:publisher\" content=\"https:\/\/www.facebook.com\/MamibotRobotid\/\" \/>\n<meta property=\"article:modified_time\" content=\"2020-11-06T07:42:45+00:00\" \/>\n<meta name=\"twitter:card\" content=\"summary_large_image\" \/>\n<meta name=\"twitter:label1\" content=\"Est. reading time\" \/>\n\t<meta name=\"twitter:data1\" content=\"4 minutes\" \/>\n<script type=\"application\/ld+json\" class=\"yoast-schema-graph\">{\"@context\":\"https:\/\/schema.org\",\"@graph\":[{\"@type\":\"WebPage\",\"@id\":\"https:\/\/www.mamibot.ee\/en\/muugitingimused\/\",\"url\":\"https:\/\/www.mamibot.ee\/en\/muugitingimused\/\",\"name\":\"Mamibot M\u00fc\u00fcgitingimused tutvu tingimustega | Robot cleaners | Mamibot\",\"isPartOf\":{\"@id\":\"https:\/\/www.mamibot.ee\/#website\"},\"datePublished\":\"2019-12-17T09:55:03+00:00\",\"dateModified\":\"2020-11-06T07:42:45+00:00\",\"description\":\"Mamibot m\u00fc\u00fcgitingimused. Tutvu mamibot.ee m\u00fc\u00fcgitingimustega. Robottolmuimejad ja robotaknapesurid otse maaletoojalt.\",\"breadcrumb\":{\"@id\":\"https:\/\/www.mamibot.ee\/en\/muugitingimused\/#breadcrumb\"},\"inLanguage\":\"en-US\",\"potentialAction\":[{\"@type\":\"ReadAction\",\"target\":[\"https:\/\/www.mamibot.ee\/en\/muugitingimused\/\"]}]},{\"@type\":\"BreadcrumbList\",\"@id\":\"https:\/\/www.mamibot.ee\/en\/muugitingimused\/#breadcrumb\",\"itemListElement\":[{\"@type\":\"ListItem\",\"position\":1,\"name\":\"Home\",\"item\":\"https:\/\/www.mamibot.ee\/en\/\"},{\"@type\":\"ListItem\",\"position\":2,\"name\":\"M\u00fc\u00fcgitingimused\"}]},{\"@type\":\"WebSite\",\"@id\":\"https:\/\/www.mamibot.ee\/#website\",\"url\":\"https:\/\/www.mamibot.ee\/\",\"name\":\"Mamibot robottolmuimejad\",\"description\":\"Window cleaners, floor cleaners, Mopping robot cleaners\",\"publisher\":{\"@id\":\"https:\/\/www.mamibot.ee\/#organization\"},\"potentialAction\":[{\"@type\":\"SearchAction\",\"target\":{\"@type\":\"EntryPoint\",\"urlTemplate\":\"https:\/\/www.mamibot.ee\/?s={search_term_string}\"},\"query-input\":{\"@type\":\"PropertyValueSpecification\",\"valueRequired\":true,\"valueName\":\"search_term_string\"}}],\"inLanguage\":\"en-US\"},{\"@type\":\"Organization\",\"@id\":\"https:\/\/www.mamibot.ee\/#organization\",\"name\":\"Mamibot Robottolmuimejad\",\"url\":\"https:\/\/www.mamibot.ee\/\",\"logo\":{\"@type\":\"ImageObject\",\"inLanguage\":\"en-US\",\"@id\":\"https:\/\/www.mamibot.ee\/#\/schema\/logo\/image\/\",\"url\":\"https:\/\/www.mamibot.ee\/wp-content\/uploads\/2018\/10\/Logo_Polti.png\",\"contentUrl\":\"https:\/\/www.mamibot.ee\/wp-content\/uploads\/2018\/10\/Logo_Polti.png\",\"width\":2446,\"height\":567,\"caption\":\"Mamibot Robottolmuimejad\"},\"image\":{\"@id\":\"https:\/\/www.mamibot.ee\/#\/schema\/logo\/image\/\"},\"sameAs\":[\"https:\/\/www.facebook.com\/MamibotRobotid\/\"]}]}<\/script>\n<!-- \/ Yoast SEO plugin. -->","yoast_head_json":{"title":"Mamibot M\u00fc\u00fcgitingimused tutvu tingimustega | Robot cleaners | Mamibot","description":"Mamibot m\u00fc\u00fcgitingimused. Tutvu mamibot.ee m\u00fc\u00fcgitingimustega. Robottolmuimejad ja robotaknapesurid otse maaletoojalt.","robots":{"index":"index","follow":"follow","max-snippet":"max-snippet:-1","max-image-preview":"max-image-preview:large","max-video-preview":"max-video-preview:-1"},"canonical":"https:\/\/www.mamibot.ee\/en\/muugitingimused\/","og_locale":"en_US","og_type":"article","og_title":"Mamibot M\u00fc\u00fcgitingimused tutvu tingimustega | Robot cleaners | Mamibot","og_description":"Mamibot m\u00fc\u00fcgitingimused. Tutvu mamibot.ee m\u00fc\u00fcgitingimustega. Robottolmuimejad ja robotaknapesurid otse maaletoojalt.","og_url":"https:\/\/www.mamibot.ee\/en\/muugitingimused\/","og_site_name":"Robot cleaners | Mamibot","article_publisher":"https:\/\/www.facebook.com\/MamibotRobotid\/","article_modified_time":"2020-11-06T07:42:45+00:00","twitter_card":"summary_large_image","twitter_misc":{"Est. reading time":"4 minutes"},"schema":{"@context":"https:\/\/schema.org","@graph":[{"@type":"WebPage","@id":"https:\/\/www.mamibot.ee\/en\/muugitingimused\/","url":"https:\/\/www.mamibot.ee\/en\/muugitingimused\/","name":"Mamibot M\u00fc\u00fcgitingimused tutvu tingimustega | Robot cleaners | Mamibot","isPartOf":{"@id":"https:\/\/www.mamibot.ee\/#website"},"datePublished":"2019-12-17T09:55:03+00:00","dateModified":"2020-11-06T07:42:45+00:00","description":"Mamibot m\u00fc\u00fcgitingimused. Tutvu mamibot.ee m\u00fc\u00fcgitingimustega. Robottolmuimejad ja robotaknapesurid otse maaletoojalt.","breadcrumb":{"@id":"https:\/\/www.mamibot.ee\/en\/muugitingimused\/#breadcrumb"},"inLanguage":"en-US","potentialAction":[{"@type":"ReadAction","target":["https:\/\/www.mamibot.ee\/en\/muugitingimused\/"]}]},{"@type":"BreadcrumbList","@id":"https:\/\/www.mamibot.ee\/en\/muugitingimused\/#breadcrumb","itemListElement":[{"@type":"ListItem","position":1,"name":"Home","item":"https:\/\/www.mamibot.ee\/en\/"},{"@type":"ListItem","position":2,"name":"M\u00fc\u00fcgitingimused"}]},{"@type":"WebSite","@id":"https:\/\/www.mamibot.ee\/#website","url":"https:\/\/www.mamibot.ee\/","name":"Mamibot robottolmuimejad","description":"Window cleaners, floor cleaners, Mopping robot cleaners","publisher":{"@id":"https:\/\/www.mamibot.ee\/#organization"},"potentialAction":[{"@type":"SearchAction","target":{"@type":"EntryPoint","urlTemplate":"https:\/\/www.mamibot.ee\/?s={search_term_string}"},"query-input":{"@type":"PropertyValueSpecification","valueRequired":true,"valueName":"search_term_string"}}],"inLanguage":"en-US"},{"@type":"Organization","@id":"https:\/\/www.mamibot.ee\/#organization","name":"Mamibot Robottolmuimejad","url":"https:\/\/www.mamibot.ee\/","logo":{"@type":"ImageObject","inLanguage":"en-US","@id":"https:\/\/www.mamibot.ee\/#\/schema\/logo\/image\/","url":"https:\/\/www.mamibot.ee\/wp-content\/uploads\/2018\/10\/Logo_Polti.png","contentUrl":"https:\/\/www.mamibot.ee\/wp-content\/uploads\/2018\/10\/Logo_Polti.png","width":2446,"height":567,"caption":"Mamibot Robottolmuimejad"},"image":{"@id":"https:\/\/www.mamibot.ee\/#\/schema\/logo\/image\/"},"sameAs":["https:\/\/www.facebook.com\/MamibotRobotid\/"]}]}},"_links":{"self":[{"href":"https:\/\/www.mamibot.ee\/en\/wp-json\/wp\/v2\/pages\/6719","targetHints":{"allow":["GET"]}}],"collection":[{"href":"https:\/\/www.mamibot.ee\/en\/wp-json\/wp\/v2\/pages"}],"about":[{"href":"https:\/\/www.mamibot.ee\/en\/wp-json\/wp\/v2\/types\/page"}],"author":[{"embeddable":true,"href":"https:\/\/www.mamibot.ee\/en\/wp-json\/wp\/v2\/users\/1"}],"replies":[{"embeddable":true,"href":"https:\/\/www.mamibot.ee\/en\/wp-json\/wp\/v2\/comments?post=6719"}],"version-history":[{"count":3,"href":"https:\/\/www.mamibot.ee\/en\/wp-json\/wp\/v2\/pages\/6719\/revisions"}],"predecessor-version":[{"id":11151,"href":"https:\/\/www.mamibot.ee\/en\/wp-json\/wp\/v2\/pages\/6719\/revisions\/11151"}],"wp:attachment":[{"href":"https:\/\/www.mamibot.ee\/en\/wp-json\/wp\/v2\/media?parent=6719"}],"curies":[{"name":"wp","href":"https:\/\/api.w.org\/{rel}","templated":true}]}}