{"id":11667,"date":"2020-12-11T10:36:31","date_gmt":"2020-12-11T08:36:31","guid":{"rendered":"https:\/\/www.mamibot.ee\/?post_type=product&#038;p=11667"},"modified":"2026-04-20T00:09:06","modified_gmt":"2026-04-19T21:09:06","slug":"mamibot-iglassbot-w120-t-window-cleaning-robot-with-free-5-year-guarantee-kopeeri-2","status":"publish","type":"product","link":"https:\/\/www.mamibot.ee\/en\/product\/mamibot-iglassbot-w120-t-window-cleaning-robot-with-free-5-year-guarantee-kopeeri-2\/","title":{"rendered":"Schbot Wind X1 aknapesurobot"},"content":{"rendered":"<p>&nbsp;<\/p>\n<h3>Schbot Wind X1 aknapesurobot teeb Su aknad puhtaks!<\/h3>\n<p>&nbsp;<\/p>\n<p><strong>Aknapesurobot Schbot Wind X1 sobib:<\/strong><br \/>\nErinevat t\u00fc\u00fcpi pindadele, nagu n\u00e4iteks aknad, klaasuksed, klaaslauad ja siledad p\u00f5randad \/ seinad<br \/>\nRaamitud ja raamita klaaspinnad<br \/>\nRaskesti ligip\u00e4\u00e4setavad klaaspindadele<br \/>\nKlaaspindadele, mille maksimaalne suurus on 10&#215;10 m ja minimaalne suurus 40x40cm<\/p>\n<p>Aknapuhastusrobotit saab kasutada nii raamidega kui ka raamideta klaaspindadel.<\/p>\n<h3><img loading=\"lazy\" decoding=\"async\" class=\"alignright wp-image-13839 \" src=\"https:\/\/www.mamibot.ee\/wp-content\/uploads\/2020\/12\/schbot-wind-x8-black-6-910x1024-1.jpg\" alt=\"\" width=\"290\" height=\"327\" \/><\/h3>\n<h3><\/h3>\n<p>Raamita pindadel tuvastab robot sisseehitatud anduritega pinna \u00e4\u00e4red, nii et see ei kuku maha.<\/p>\n<p>\u00c4rge kasutage klaasipuhastusrobotit pea kohal (nt talveaedades).<\/p>\n<p>Akna minimaalne suurus: 40 x 40 cm<br \/>\nAkna maksimaalne suurus: 10 x 10 m<\/p>\n<p>&nbsp;<\/p>\n<p>&nbsp;<\/p>\n<p><strong>Komplekti kuulub korduvkasutatav puhastuslapp<\/strong><\/p>\n<p>Wind X1 kasutab suurt ja kvaliteetset <a href=\"https:\/\/www.mamibot.ee\/toode\/aknaroboti-pesemislapid\/\">puhastuslappi<\/a>. Peale puhastust peske lappi pesumasinas ja kasutage j\u00e4rgmine kord uuesti.<\/p>\n<p><strong>T\u00f6\u00f6tab ainult toitekaabliga!<\/strong><\/p>\n<p>Pidage meeles, et Schbot aknarobot t\u00f6\u00f6tab ainult toitekaabliga!<br \/>\nWind X1 tuleb puhastamise ajal \u00fchendada vooluv\u00f5rku. Robot ei t\u00f6\u00f6ta juhtmevabalt!<\/p>\n<p><strong>IOS ja Androidi nutitelefonirakendus ja kaugjuhtimispult<img loading=\"lazy\" decoding=\"async\" class=\"alignright wp-image-13888 \" src=\"https:\/\/www.mamibot.ee\/wp-content\/uploads\/2020\/12\/schbot-wind-x8-white-11-910x1024-1.jpg\" alt=\"\" width=\"321\" height=\"361\" \/><\/strong><\/p>\n<p>Komplekti kuulub kaugjuhtimispult, millega saate robotit h\u00f5lpsalt juhtida. Lisaks saate Schbot Wind X1 juhtida nutitelefonirakendusega. Rakendus on allalaadimiseks saadaval (tasuta) iOS-i ja Androidi jaoks. Nende kahe v\u00f5imaluse korral on klaasipuhastusroboti juhtimine eriti mugav ja lihtne.<\/p>\n<p>&nbsp;<\/p>\n<p><strong>Nutikas navigeerimine t\u00e4nu tehisintellektile (AI)<\/strong><\/p>\n<p>Aknapesu robot on varustatud tehisintellektiga (AI), mis v\u00f5imaldab Schbot Wind X1 arvutada kogu akna suuruse ja valida k\u00f5ige t\u00f5husama puhastustee.<br \/>\nSee muudab aknapuhastuse eriti kiireks: \u00fche ruutmeetri puhastamiseks kulub vaid\u00a0<strong>2,5 minutit.<\/strong><\/p>\n<p>&nbsp;<\/p>\n<p><strong>Sobib erinevatele pindadele<\/strong><\/p>\n<p>Aknapesurobot Schbot Wind X1 saab kasutada erinevat t\u00fc\u00fcpi pindadel, nii akende, klaasuste ja klaaslaudade puhastamiseks. Klaasipuhastusrobot sobib isegi siledate p\u00f5randa- ja seinapindade jaoks.<\/p>\n<p>Schbot Wind X1 puhul ei pea te klaasi paksust arvestama, kunae see sobib ka mitmekordsete klaasidega akende jaoks.<\/p>\n<p><img loading=\"lazy\" decoding=\"async\" class=\"wp-image-13830 alignnone\" src=\"https:\/\/www.mamibot.ee\/wp-content\/uploads\/2020\/12\/hero-slide-WIND-X1-v28-1024x576-1.jpg\" alt=\"\" width=\"662\" height=\"372\" srcset=\"https:\/\/www.mamibot.ee\/wp-content\/uploads\/2020\/12\/hero-slide-WIND-X1-v28-1024x576-1-640x360.jpg 640w, https:\/\/www.mamibot.ee\/wp-content\/uploads\/2020\/12\/hero-slide-WIND-X1-v28-1024x576-1-400x225.jpg 400w, https:\/\/www.mamibot.ee\/wp-content\/uploads\/2020\/12\/hero-slide-WIND-X1-v28-1024x576-1-600x338.jpg 600w\" sizes=\"auto, (max-width: 662px) 100vw, 662px\" \/><\/p>\n<p>&nbsp;<\/p>\n<p><strong>Maksimaalne ohutus puhastamise ajal<\/strong><\/p>\n<p>Schbot Wind X1 on varustatud <strong>h\u00e4daabiakuga<\/strong> (UPS), mis hoiab \u00e4ra roboti allakukkumise, kui juhustlikult toimub elektrikatkestus. Aku peab enne kasutamist olema laetud. See hoiab robotit h\u00e4daolukorras klaasil umbes 20 minutit. Turvak\u00f6is tagab eriti ohutu t\u00f6\u00f6 k\u00f5rgematel korrustel.<\/p>\n<p><img loading=\"lazy\" decoding=\"async\" class=\"wp-image-13836 alignnone\" src=\"https:\/\/www.mamibot.ee\/wp-content\/uploads\/2020\/12\/schbot-wind-x1-hero-2-1024x576-1.jpg\" alt=\"\" width=\"642\" height=\"361\" srcset=\"https:\/\/www.mamibot.ee\/wp-content\/uploads\/2020\/12\/schbot-wind-x1-hero-2-1024x576-1-640x360.jpg 640w, https:\/\/www.mamibot.ee\/wp-content\/uploads\/2020\/12\/schbot-wind-x1-hero-2-1024x576-1-400x225.jpg 400w, https:\/\/www.mamibot.ee\/wp-content\/uploads\/2020\/12\/schbot-wind-x1-hero-2-1024x576-1-600x338.jpg 600w\" sizes=\"auto, (max-width: 642px) 100vw, 642px\" \/><\/p>\n<p><img loading=\"lazy\" decoding=\"async\" class=\"alignnone wp-image-13885 size-full\" src=\"https:\/\/www.mamibot.ee\/wp-content\/uploads\/2020\/12\/schbot-wind-x8-white-10-910x1024-1.jpg\" alt=\"\" width=\"910\" height=\"1024\" srcset=\"https:\/\/www.mamibot.ee\/wp-content\/uploads\/2020\/12\/schbot-wind-x8-white-10-910x1024-1.jpg 910w, https:\/\/www.mamibot.ee\/wp-content\/uploads\/2020\/12\/schbot-wind-x8-white-10-910x1024-1-768x864.jpg 768w, https:\/\/www.mamibot.ee\/wp-content\/uploads\/2020\/12\/schbot-wind-x8-white-10-910x1024-1-640x720.jpg 640w, https:\/\/www.mamibot.ee\/wp-content\/uploads\/2020\/12\/schbot-wind-x8-white-10-910x1024-1-400x450.jpg 400w, https:\/\/www.mamibot.ee\/wp-content\/uploads\/2020\/12\/schbot-wind-x8-white-10-910x1024-1-600x675.jpg 600w\" sizes=\"auto, (max-width: 910px) 100vw, 910px\" \/><\/p>\n<p>&nbsp;<\/p>\n","protected":false},"excerpt":{"rendered":"<p><span style=\"color: #ff0000\">Aknapesuroboti erimudel. Schboti poolt loodud Mamibot iGlassboti luksuslikum versioon.<\/span><\/p>\n<p><span style=\"color: #ff0000\">Schbot Wind X1 aknapesurobot on v\u00e4ljam\u00fc\u00fcdud. Robotid j\u00f5uavad Eestisse 18.06.<\/span><\/p>\n<p><span style=\"color: #ff0000\">Eeltelli aknapesurobot ja saad kaasa 29.9\u20ac v\u00e4\u00e4rtuses aknapesulappide komplekti.<br \/>\n<\/span><span style=\"color: #ff0000\">Pakkumine kehtib 50le esimesele eeltellijale ja tellimustele kuni 18.06.<\/span><\/p>\n<p><strong>Schbot Wind X1 tagab Sinu s\u00e4ravpuhtad aknad!<\/strong><\/p>\n<p>Schbot Wind X1 tugev imiv\u00f5imsus tagab s\u00e4ravpuhtad aknad. Robot on v\u00e4ga madal, ainult 8,5cm ning see mahub\u00a0ka raskesti ligip\u00e4\u00e4svatesse kohtadesse. Robotit saab juhtida nupu, rakenduse v\u00f5i kaugjuhtimispuldi abil, lisaks arvutab see ise k\u00f5ige t\u00f5husama puhastamisviisi. Kukkumisandurid, katkematu toiteallikas (UPS) ja turvak\u00f6is muudavad roboti usaldusv\u00e4\u00e4rseks abivahendiks akende puhastamisel. Sobib nii plaaditud seina- ja p\u00f5randapindadele kui peeglite puhastuseks.<\/p>\n<p><strong>Pakendis sisaldub:<\/strong><\/p>\n<p>Schbot Wind X1<\/p>\n<p>1 adapter<br \/>\n1 toitekaabel<br \/>\n1 pikenduskaabel<br \/>\n1 mikrokiud-kangas<br \/>\n1 kaugjuhtimispult<br \/>\n1 ohutusk\u00f6is<br \/>\n1 kasutusjuhend<\/p>\n","protected":false},"featured_media":13794,"template":"","meta":[],"product_brand":[],"product_cat":[504,506],"product_tag":[],"class_list":{"0":"post-11667","1":"product","2":"type-product","3":"status-publish","4":"has-post-thumbnail","6":"product_cat-robotvacuumcleaners","7":"product_cat-window-cleaners","9":"first","10":"instock","11":"featured","12":"taxable","13":"shipping-taxable","14":"purchasable","15":"product-type-simple"},"yoast_head":"<!-- This site is optimized with the Yoast SEO plugin v25.4 - https:\/\/yoast.com\/wordpress\/plugins\/seo\/ -->\n<title>window cleaning robot Mamibot iGlassbot W-120T | Robot cleaners | Mamibot<\/title>\n<meta name=\"description\" content=\"Mamibot window cleaning robot iGlassbot W-120T. Keep your windows cleaned with window cleaning robot by Mamibot. Official distributor\" \/>\n<meta name=\"robots\" content=\"index, follow, max-snippet:-1, max-image-preview:large, max-video-preview:-1\" \/>\n<link rel=\"canonical\" href=\"https:\/\/www.mamibot.ee\/en\/product\/mamibot-iglassbot-w120-t-window-cleaning-robot-with-free-5-year-guarantee-kopeeri-2\/\" \/>\n<meta property=\"og:locale\" content=\"en_US\" \/>\n<meta property=\"og:type\" content=\"article\" \/>\n<meta property=\"og:title\" content=\"window cleaning robot Mamibot iGlassbot W-120T | Robot cleaners | Mamibot\" \/>\n<meta property=\"og:description\" content=\"Mamibot window cleaning robot iGlassbot W-120T. Keep your windows cleaned with window cleaning robot by Mamibot. Official distributor\" \/>\n<meta property=\"og:url\" content=\"https:\/\/www.mamibot.ee\/en\/product\/mamibot-iglassbot-w120-t-window-cleaning-robot-with-free-5-year-guarantee-kopeeri-2\/\" \/>\n<meta property=\"og:site_name\" content=\"Robot cleaners | Mamibot\" \/>\n<meta property=\"article:publisher\" content=\"https:\/\/www.facebook.com\/MamibotRobotid\/\" \/>\n<meta property=\"article:modified_time\" content=\"2026-04-19T21:09:06+00:00\" \/>\n<meta property=\"og:image\" content=\"https:\/\/www.mamibot.ee\/wp-content\/uploads\/2020\/12\/schbot-wind-x8-white-1-1-910x1024-1.jpg\" \/>\n\t<meta property=\"og:image:width\" content=\"910\" \/>\n\t<meta property=\"og:image:height\" content=\"1024\" \/>\n\t<meta property=\"og:image:type\" content=\"image\/jpeg\" \/>\n<meta name=\"twitter:card\" content=\"summary_large_image\" \/>\n<meta name=\"twitter:label1\" content=\"Est. reading time\" \/>\n\t<meta name=\"twitter:data1\" content=\"2 minutes\" \/>\n<script type=\"application\/ld+json\" class=\"yoast-schema-graph\">{\"@context\":\"https:\/\/schema.org\",\"@graph\":[{\"@type\":\"WebPage\",\"@id\":\"https:\/\/www.mamibot.ee\/en\/product\/mamibot-iglassbot-w120-t-window-cleaning-robot-with-free-5-year-guarantee-kopeeri-2\/\",\"url\":\"https:\/\/www.mamibot.ee\/en\/product\/mamibot-iglassbot-w120-t-window-cleaning-robot-with-free-5-year-guarantee-kopeeri-2\/\",\"name\":\"window cleaning robot Mamibot iGlassbot W-120T | Robot cleaners | Mamibot\",\"isPartOf\":{\"@id\":\"https:\/\/www.mamibot.ee\/#website\"},\"primaryImageOfPage\":{\"@id\":\"https:\/\/www.mamibot.ee\/en\/product\/mamibot-iglassbot-w120-t-window-cleaning-robot-with-free-5-year-guarantee-kopeeri-2\/#primaryimage\"},\"image\":{\"@id\":\"https:\/\/www.mamibot.ee\/en\/product\/mamibot-iglassbot-w120-t-window-cleaning-robot-with-free-5-year-guarantee-kopeeri-2\/#primaryimage\"},\"thumbnailUrl\":\"https:\/\/www.mamibot.ee\/wp-content\/uploads\/2020\/12\/schbot-wind-x8-white-1-1-910x1024-1.jpg\",\"datePublished\":\"2020-12-11T08:36:31+00:00\",\"dateModified\":\"2026-04-19T21:09:06+00:00\",\"description\":\"Mamibot window cleaning robot iGlassbot W-120T. Keep your windows cleaned with window cleaning robot by Mamibot. Official distributor\",\"breadcrumb\":{\"@id\":\"https:\/\/www.mamibot.ee\/en\/product\/mamibot-iglassbot-w120-t-window-cleaning-robot-with-free-5-year-guarantee-kopeeri-2\/#breadcrumb\"},\"inLanguage\":\"en-US\",\"potentialAction\":[{\"@type\":\"ReadAction\",\"target\":[\"https:\/\/www.mamibot.ee\/en\/product\/mamibot-iglassbot-w120-t-window-cleaning-robot-with-free-5-year-guarantee-kopeeri-2\/\"]}]},{\"@type\":\"ImageObject\",\"inLanguage\":\"en-US\",\"@id\":\"https:\/\/www.mamibot.ee\/en\/product\/mamibot-iglassbot-w120-t-window-cleaning-robot-with-free-5-year-guarantee-kopeeri-2\/#primaryimage\",\"url\":\"https:\/\/www.mamibot.ee\/wp-content\/uploads\/2020\/12\/schbot-wind-x8-white-1-1-910x1024-1.jpg\",\"contentUrl\":\"https:\/\/www.mamibot.ee\/wp-content\/uploads\/2020\/12\/schbot-wind-x8-white-1-1-910x1024-1.jpg\",\"width\":910,\"height\":1024,\"caption\":\"schbot wind x1\"},{\"@type\":\"BreadcrumbList\",\"@id\":\"https:\/\/www.mamibot.ee\/en\/product\/mamibot-iglassbot-w120-t-window-cleaning-robot-with-free-5-year-guarantee-kopeeri-2\/#breadcrumb\",\"itemListElement\":[{\"@type\":\"ListItem\",\"position\":1,\"name\":\"Home\",\"item\":\"https:\/\/www.mamibot.ee\/en\/\"},{\"@type\":\"ListItem\",\"position\":2,\"name\":\"Shop\",\"item\":\"https:\/\/www.mamibot.ee\/en\/mamibot-shop\/\"},{\"@type\":\"ListItem\",\"position\":3,\"name\":\"Schbot Wind X1 aknapesurobot\"}]},{\"@type\":\"WebSite\",\"@id\":\"https:\/\/www.mamibot.ee\/#website\",\"url\":\"https:\/\/www.mamibot.ee\/\",\"name\":\"Mamibot robottolmuimejad\",\"description\":\"Window cleaners, floor cleaners, Mopping robot cleaners\",\"publisher\":{\"@id\":\"https:\/\/www.mamibot.ee\/#organization\"},\"potentialAction\":[{\"@type\":\"SearchAction\",\"target\":{\"@type\":\"EntryPoint\",\"urlTemplate\":\"https:\/\/www.mamibot.ee\/?s={search_term_string}\"},\"query-input\":{\"@type\":\"PropertyValueSpecification\",\"valueRequired\":true,\"valueName\":\"search_term_string\"}}],\"inLanguage\":\"en-US\"},{\"@type\":\"Organization\",\"@id\":\"https:\/\/www.mamibot.ee\/#organization\",\"name\":\"Mamibot Robottolmuimejad\",\"url\":\"https:\/\/www.mamibot.ee\/\",\"logo\":{\"@type\":\"ImageObject\",\"inLanguage\":\"en-US\",\"@id\":\"https:\/\/www.mamibot.ee\/#\/schema\/logo\/image\/\",\"url\":\"https:\/\/www.mamibot.ee\/wp-content\/uploads\/2018\/10\/Logo_Polti.png\",\"contentUrl\":\"https:\/\/www.mamibot.ee\/wp-content\/uploads\/2018\/10\/Logo_Polti.png\",\"width\":2446,\"height\":567,\"caption\":\"Mamibot Robottolmuimejad\"},\"image\":{\"@id\":\"https:\/\/www.mamibot.ee\/#\/schema\/logo\/image\/\"},\"sameAs\":[\"https:\/\/www.facebook.com\/MamibotRobotid\/\"]}]}<\/script>\n<!-- \/ Yoast SEO plugin. -->","yoast_head_json":{"title":"window cleaning robot Mamibot iGlassbot W-120T | Robot cleaners | Mamibot","description":"Mamibot window cleaning robot iGlassbot W-120T. Keep your windows cleaned with window cleaning robot by Mamibot. Official distributor","robots":{"index":"index","follow":"follow","max-snippet":"max-snippet:-1","max-image-preview":"max-image-preview:large","max-video-preview":"max-video-preview:-1"},"canonical":"https:\/\/www.mamibot.ee\/en\/product\/mamibot-iglassbot-w120-t-window-cleaning-robot-with-free-5-year-guarantee-kopeeri-2\/","og_locale":"en_US","og_type":"article","og_title":"window cleaning robot Mamibot iGlassbot W-120T | Robot cleaners | Mamibot","og_description":"Mamibot window cleaning robot iGlassbot W-120T. Keep your windows cleaned with window cleaning robot by Mamibot. Official distributor","og_url":"https:\/\/www.mamibot.ee\/en\/product\/mamibot-iglassbot-w120-t-window-cleaning-robot-with-free-5-year-guarantee-kopeeri-2\/","og_site_name":"Robot cleaners | Mamibot","article_publisher":"https:\/\/www.facebook.com\/MamibotRobotid\/","article_modified_time":"2026-04-19T21:09:06+00:00","og_image":[{"width":910,"height":1024,"url":"https:\/\/www.mamibot.ee\/wp-content\/uploads\/2020\/12\/schbot-wind-x8-white-1-1-910x1024-1.jpg","type":"image\/jpeg"}],"twitter_card":"summary_large_image","twitter_misc":{"Est. reading time":"2 minutes"},"schema":{"@context":"https:\/\/schema.org","@graph":[{"@type":"WebPage","@id":"https:\/\/www.mamibot.ee\/en\/product\/mamibot-iglassbot-w120-t-window-cleaning-robot-with-free-5-year-guarantee-kopeeri-2\/","url":"https:\/\/www.mamibot.ee\/en\/product\/mamibot-iglassbot-w120-t-window-cleaning-robot-with-free-5-year-guarantee-kopeeri-2\/","name":"window cleaning robot Mamibot iGlassbot W-120T | Robot cleaners | Mamibot","isPartOf":{"@id":"https:\/\/www.mamibot.ee\/#website"},"primaryImageOfPage":{"@id":"https:\/\/www.mamibot.ee\/en\/product\/mamibot-iglassbot-w120-t-window-cleaning-robot-with-free-5-year-guarantee-kopeeri-2\/#primaryimage"},"image":{"@id":"https:\/\/www.mamibot.ee\/en\/product\/mamibot-iglassbot-w120-t-window-cleaning-robot-with-free-5-year-guarantee-kopeeri-2\/#primaryimage"},"thumbnailUrl":"https:\/\/www.mamibot.ee\/wp-content\/uploads\/2020\/12\/schbot-wind-x8-white-1-1-910x1024-1.jpg","datePublished":"2020-12-11T08:36:31+00:00","dateModified":"2026-04-19T21:09:06+00:00","description":"Mamibot window cleaning robot iGlassbot W-120T. Keep your windows cleaned with window cleaning robot by Mamibot. Official distributor","breadcrumb":{"@id":"https:\/\/www.mamibot.ee\/en\/product\/mamibot-iglassbot-w120-t-window-cleaning-robot-with-free-5-year-guarantee-kopeeri-2\/#breadcrumb"},"inLanguage":"en-US","potentialAction":[{"@type":"ReadAction","target":["https:\/\/www.mamibot.ee\/en\/product\/mamibot-iglassbot-w120-t-window-cleaning-robot-with-free-5-year-guarantee-kopeeri-2\/"]}]},{"@type":"ImageObject","inLanguage":"en-US","@id":"https:\/\/www.mamibot.ee\/en\/product\/mamibot-iglassbot-w120-t-window-cleaning-robot-with-free-5-year-guarantee-kopeeri-2\/#primaryimage","url":"https:\/\/www.mamibot.ee\/wp-content\/uploads\/2020\/12\/schbot-wind-x8-white-1-1-910x1024-1.jpg","contentUrl":"https:\/\/www.mamibot.ee\/wp-content\/uploads\/2020\/12\/schbot-wind-x8-white-1-1-910x1024-1.jpg","width":910,"height":1024,"caption":"schbot wind x1"},{"@type":"BreadcrumbList","@id":"https:\/\/www.mamibot.ee\/en\/product\/mamibot-iglassbot-w120-t-window-cleaning-robot-with-free-5-year-guarantee-kopeeri-2\/#breadcrumb","itemListElement":[{"@type":"ListItem","position":1,"name":"Home","item":"https:\/\/www.mamibot.ee\/en\/"},{"@type":"ListItem","position":2,"name":"Shop","item":"https:\/\/www.mamibot.ee\/en\/mamibot-shop\/"},{"@type":"ListItem","position":3,"name":"Schbot Wind X1 aknapesurobot"}]},{"@type":"WebSite","@id":"https:\/\/www.mamibot.ee\/#website","url":"https:\/\/www.mamibot.ee\/","name":"Mamibot robottolmuimejad","description":"Window cleaners, floor cleaners, Mopping robot cleaners","publisher":{"@id":"https:\/\/www.mamibot.ee\/#organization"},"potentialAction":[{"@type":"SearchAction","target":{"@type":"EntryPoint","urlTemplate":"https:\/\/www.mamibot.ee\/?s={search_term_string}"},"query-input":{"@type":"PropertyValueSpecification","valueRequired":true,"valueName":"search_term_string"}}],"inLanguage":"en-US"},{"@type":"Organization","@id":"https:\/\/www.mamibot.ee\/#organization","name":"Mamibot Robottolmuimejad","url":"https:\/\/www.mamibot.ee\/","logo":{"@type":"ImageObject","inLanguage":"en-US","@id":"https:\/\/www.mamibot.ee\/#\/schema\/logo\/image\/","url":"https:\/\/www.mamibot.ee\/wp-content\/uploads\/2018\/10\/Logo_Polti.png","contentUrl":"https:\/\/www.mamibot.ee\/wp-content\/uploads\/2018\/10\/Logo_Polti.png","width":2446,"height":567,"caption":"Mamibot Robottolmuimejad"},"image":{"@id":"https:\/\/www.mamibot.ee\/#\/schema\/logo\/image\/"},"sameAs":["https:\/\/www.facebook.com\/MamibotRobotid\/"]}]}},"_links":{"self":[{"href":"https:\/\/www.mamibot.ee\/en\/wp-json\/wp\/v2\/product\/11667","targetHints":{"allow":["GET"]}}],"collection":[{"href":"https:\/\/www.mamibot.ee\/en\/wp-json\/wp\/v2\/product"}],"about":[{"href":"https:\/\/www.mamibot.ee\/en\/wp-json\/wp\/v2\/types\/product"}],"wp:featuredmedia":[{"embeddable":true,"href":"https:\/\/www.mamibot.ee\/en\/wp-json\/wp\/v2\/media\/13794"}],"wp:attachment":[{"href":"https:\/\/www.mamibot.ee\/en\/wp-json\/wp\/v2\/media?parent=11667"}],"wp:term":[{"taxonomy":"product_brand","embeddable":true,"href":"https:\/\/www.mamibot.ee\/en\/wp-json\/wp\/v2\/product_brand?post=11667"},{"taxonomy":"product_cat","embeddable":true,"href":"https:\/\/www.mamibot.ee\/en\/wp-json\/wp\/v2\/product_cat?post=11667"},{"taxonomy":"product_tag","embeddable":true,"href":"https:\/\/www.mamibot.ee\/en\/wp-json\/wp\/v2\/product_tag?post=11667"}],"curies":[{"name":"wp","href":"https:\/\/api.w.org\/{rel}","templated":true}]}}