{"id":8260,"date":"2020-03-09T01:18:52","date_gmt":"2020-03-08T23:18:52","guid":{"rendered":"https:\/\/mamibot.ee\/?page_id=8260"},"modified":"2020-03-09T01:18:52","modified_gmt":"2020-03-08T23:18:52","slug":"%d0%be%d0%b1%d1%80%d0%b0%d0%b1%d0%be%d1%82%d0%ba%d0%b0-%d0%bf%d0%b5%d1%80%d1%81%d0%be%d0%bd%d0%b0%d0%bb%d1%8c%d0%bd%d1%8b%d1%85-%d0%b4%d0%b0%d0%bd%d0%bd%d1%8b%d1%85","status":"publish","type":"page","link":"https:\/\/www.mamibot.ee\/ru\/%d0%be%d0%b1%d1%80%d0%b0%d0%b1%d0%be%d1%82%d0%ba%d0%b0-%d0%bf%d0%b5%d1%80%d1%81%d0%be%d0%bd%d0%b0%d0%bb%d1%8c%d0%bd%d1%8b%d1%85-%d0%b4%d0%b0%d0%bd%d0%bd%d1%8b%d1%85\/","title":{"rendered":"\u041e\u0431\u0440\u0430\u0431\u043e\u0442\u043a\u0430 \u043f\u0435\u0440\u0441\u043e\u043d\u0430\u043b\u044c\u043d\u044b\u0445 \u0434\u0430\u043d\u043d\u044b\u0445"},"content":{"rendered":"<div class=\"wpb-content-wrapper\"><p>[vc_row][vc_column][vc_custom_heading text=&#8221;Isikuandmete t\u00f6\u00f6tlemine&#8221; font_container=&#8221;tag:h1|font_size:34px|text_align:left|color:%23000000|line_height:1.8&#8243; google_fonts=&#8221;font_family:Open%20Sans%3A300%2C300italic%2Cregular%2Citalic%2C600%2C600italic%2C700%2C700italic%2C800%2C800italic|font_style:400%20regular%3A400%3Anormal&#8221;][\/vc_column][\/vc_row][vc_row][vc_column width=&#8221;2\/3&#8243;][vc_column_text]Goldstar Eesti O\u00dc on v\u00f5tnud endale kohustuse kaitsta klientide ja kasutajate privaatsust. Sellest l\u00e4htuvalt oleme koostanud k\u00e4esolevad privaatsuspoliitika p\u00f5him\u00f5tted, mis k\u00e4sitlevad kliendi andmete kogumist, kasutamist, avaldamist, edastamist ja talletamist. Meie tegevus internetis on koosk\u00f5las k\u00f5igi asjakohaste tegevuste ja vastavate Euroopa Liidu \u00f5igusaktide ja Eesti Vabariigi seadustega.<\/p>\n<p><b>Isikuandmete kogumine ja kasutamine<\/b><\/p>\n<p>Isikuandmed on andmed, mida Goldstar Eesti O\u00dc kogub \u00fcksikisikuga s\u00f5lmitud lepingu t\u00e4itmisel v\u00f5i temaga \u00fchenduse v\u00f5tmiseks. P\u00fcsikliendi isikuandmete kogumine v\u00f5ib toimuda allj\u00e4rgnevatel viisidel:<\/p>\n<ul>\n<li>kontaktandmete (sh sinu nimi, isikukood, postiaadress, telefoninumber, e-posti aadress, eelistatud kontakteerumisviis) esitamisel \u00a0meie veebisaidil v\u00f5i mujal (n\u00e4it. kauplused)<\/li>\n<li>veebisaidi kasutamisel kliendi kontoinfost v\u00f5i k\u00fcpsiste (cookies) kaudu<\/li>\n<li>ostu v\u00f5i tellimuse sooritamisel meie poes v\u00f5i e-poes isiku kontaktandmete v\u00f5i ostueelistusi puudutavate andmete talletamisel \u00a0(Goldstar Eesti O\u00dc\u00a0v\u00f5ib paluda teatud veebilehe aladel vabatahtlikult esitada isikuandmeid ja personaalset informatsiooni. N\u00f5utavad isikuandmed v\u00f5ivad sisaldada nime, aadressi, postiindeksit, e-posti aadressi, telefoninumbrit ja teisi andmeid)<\/li>\n<li>j\u00e4relmaksutaotluse esitamisel.<\/li>\n<\/ul>\n<p><b>Muude andmete kogumine<\/b><\/p>\n<p>Kogume ka isikustamata andmeid \u2013 andmeid, mida ei saa otseselt \u00fche kindla isikuga siduda (sugu, vanus, keele eelistus, asukoht). V\u00f5ime koguda ka andmeid \u00fcldistatud klienditegevuste kohta meie veebisaidil. Need andmed koondatakse ja neid kasutatakse selleks, et saaksime klientidele edastada kasulikumat teavet ja saaksime teada, millised veebisaidi, toodete ja teenuste osad on k\u00f5ige huvipakkuvamad. Koondandmeid k\u00e4sitletakse selles privaatsuspoliitikas isikustamata andmetena.<\/p>\n<p><b>Kogutud isikuandmete kasutamine<\/b><\/p>\n<p>Kogutud isikuandmete abil saame teavitada kliente Mamiboti tooteuudistest, kampaaniatest ja tulevastest s\u00fcndmustest. Klient, kes ei soovi olla meie uudiskirjaloendis v\u00f5i saada teavitusi teda huvitada v\u00f5ivatest toodetest, saab ennast adressaatide sihtr\u00fchmast igal ajal eemaldada. Kogutud isikuandmeid kasutame ka kauba kohaletoimetamiseks ning kliendi ees v\u00f5etud kohustuste t\u00e4itmiseks.<\/p>\n<p>Kliendi paremaks teenindamiseks v\u00f5ib Goldstar Eesti O\u00dc avaldada teavet \u00fcksikute kasutajate kohta kolmandale osapoolele, kes osutab Goldstar Eesti O\u00dc-le\u00a0teenuseid ning on lepinguga kohustunud hoidma jagatud teavet konfidentsiaalsena. Kolmandaks osapooleks on n\u00e4iteks meie partner, kelle \u00fclesanneteks on e-poes m\u00fc\u00fcdavate kaupade transport v\u00f5i j\u00e4relmaksu teenuse pakkumine.<\/p>\n<p><b>Kogutud isikuandmete muutmine<\/b><\/p>\n<p>Kliendi tuvastamiseks ja temaga kontakteerumiseks kogutud isikuandmeid on v\u00f5imalik n\u00e4ha, muuta ja t\u00e4iendada meie veebisaidil \u201eMinu info\u201c alas. E-maili (Mamiboti veebisaidi kasutajatunnuse) muutumisel palume meid sellest teavitada, kuna seda ei ole kliendil endal v\u00f5imalik muuta.<\/p>\n<p><b>Isikuandmete kaitse<\/b><\/p>\n<p>Goldstar Eesti O\u00dc rakendab k\u00f5iki ettevaatusabin\u00f5usid (sh administratiivsed, tehnilised ja f\u00fc\u00fcsilised meetmed) kliendi isikuandmete kaitsmiseks. Juurdep\u00e4\u00e4s andmete muutmiseks ja t\u00f6\u00f6tlemiseks on ainult selleks volitatud isikutel.<\/p>\n<p><b>Turvalisus<\/b><\/p>\n<p>K\u00f5iki Mamiboti e-poe k\u00fclastamise ja ostude sooritamise k\u00e4igus teatavaks saanud kliendi isikuandmeid k\u00e4sitletakse kui konfidentsiaalset infot. Kr\u00fcpteeritud andmesidekanal pankadega tagab ostu sooritaja isikuandmete ja pangarekvisiitide turvalisuse.<\/p>\n<p><b>Privaatsuspoliitika tingimused ja muudatused<\/b><\/p>\n<p>Meie veebisaiti kasutama asudes v\u00f5i p\u00fcsikliendi avalduse t\u00e4itmisel oled k\u00e4esolevate p\u00f5him\u00f5tete ja tingimustega tutvunud ning nendega n\u00f5ustunud. J\u00e4tame endale \u00f5iguse vajadusel privaatsuspoliitika \u00fcldtingimusi muuta, teavitades sellest k\u00f5iki p\u00fcsikliente. K\u00f5igi privaatsuspoliitika v\u00f5i andmet\u00f6\u00f6tluse kohta tekkivate k\u00fcsimuste v\u00f5i muredega palume v\u00f5tta meiega \u00fchendust aadressil <a href=\"mailto:info@mamibot.polti.ee\">info@mamibot.ee<\/a>.[\/vc_column_text][\/vc_column][vc_column width=&#8221;1\/3&#8243;][\/vc_column][\/vc_row]<\/p>\n<\/div>","protected":false},"excerpt":{"rendered":"<p>[vc_row][vc_column][vc_custom_heading text=&#8221;Isikuandmete t\u00f6\u00f6tlemine&#8221; font_container=&#8221;tag:h1|font_size:34px|text_align:left|color:%23000000|line_height:1.8&#8243; google_fonts=&#8221;font_family:Open%20Sans%3A300%2C300italic%2Cregular%2Citalic%2C600%2C600italic%2C700%2C700italic%2C800%2C800italic|font_style:400%20regular%3A400%3Anormal&#8221;][\/vc_column][\/vc_row][vc_row][vc_column width=&#8221;2\/3&#8243;][vc_column_text]Goldstar Eesti O\u00dc on v\u00f5tnud endale kohustuse kaitsta klientide ja kasutajate privaatsust. Sellest l\u00e4htuvalt oleme koostanud k\u00e4esolevad privaatsuspoliitika p\u00f5him\u00f5tted, mis k\u00e4sitlevad kliendi andmete kogumist, kasutamist, avaldamist, edastamist ja talletamist. Meie tegevus internetis on koosk\u00f5las k\u00f5igi asjakohaste tegevuste ja vastavate Euroopa Liidu \u00f5igusaktide ja Eesti Vabariigi seadustega. Isikuandmete kogumine ja kasutamine [&hellip;]<\/p>\n","protected":false},"author":1,"featured_media":0,"parent":0,"menu_order":0,"comment_status":"closed","ping_status":"closed","template":"","meta":{"footnotes":""},"class_list":["post-8260","page","type-page","status-publish","hentry"],"yoast_head":"<!-- This site is optimized with the Yoast SEO plugin v25.4 - https:\/\/yoast.com\/wordpress\/plugins\/seo\/ -->\n<title>\u041e\u0431\u0440\u0430\u0431\u043e\u0442\u043a\u0430 \u043f\u0435\u0440\u0441\u043e\u043d\u0430\u043b\u044c\u043d\u044b\u0445 \u0434\u0430\u043d\u043d\u044b\u0445 | \u0420\u043e\u0431\u043e\u0442\u044b-\u0443\u0431\u043e\u0440\u0449\u0438\u043a\u0438 | Mamibot<\/title>\n<meta name=\"robots\" content=\"index, follow, max-snippet:-1, max-image-preview:large, max-video-preview:-1\" \/>\n<link rel=\"canonical\" href=\"https:\/\/www.mamibot.ee\/ru\/\u043e\u0431\u0440\u0430\u0431\u043e\u0442\u043a\u0430-\u043f\u0435\u0440\u0441\u043e\u043d\u0430\u043b\u044c\u043d\u044b\u0445-\u0434\u0430\u043d\u043d\u044b\u0445\/\" \/>\n<meta property=\"og:locale\" content=\"ru_RU\" \/>\n<meta property=\"og:type\" content=\"article\" \/>\n<meta property=\"og:title\" content=\"\u041e\u0431\u0440\u0430\u0431\u043e\u0442\u043a\u0430 \u043f\u0435\u0440\u0441\u043e\u043d\u0430\u043b\u044c\u043d\u044b\u0445 \u0434\u0430\u043d\u043d\u044b\u0445 | \u0420\u043e\u0431\u043e\u0442\u044b-\u0443\u0431\u043e\u0440\u0449\u0438\u043a\u0438 | Mamibot\" \/>\n<meta property=\"og:description\" content=\"[vc_row][vc_column][vc_custom_heading text=&#8221;Isikuandmete t\u00f6\u00f6tlemine&#8221; font_container=&#8221;tag:h1|font_size:34px|text_align:left|color:%23000000|line_height:1.8&#8243; google_fonts=&#8221;font_family:Open%20Sans%3A300%2C300italic%2Cregular%2Citalic%2C600%2C600italic%2C700%2C700italic%2C800%2C800italic|font_style:400%20regular%3A400%3Anormal&#8221;][\/vc_column][\/vc_row][vc_row][vc_column width=&#8221;2\/3&#8243;][vc_column_text]Goldstar Eesti O\u00dc on v\u00f5tnud endale kohustuse kaitsta klientide ja kasutajate privaatsust. Sellest l\u00e4htuvalt oleme koostanud k\u00e4esolevad privaatsuspoliitika p\u00f5him\u00f5tted, mis k\u00e4sitlevad kliendi andmete kogumist, kasutamist, avaldamist, edastamist ja talletamist. Meie tegevus internetis on koosk\u00f5las k\u00f5igi asjakohaste tegevuste ja vastavate Euroopa Liidu \u00f5igusaktide ja Eesti Vabariigi seadustega. Isikuandmete kogumine ja kasutamine [&hellip;]\" \/>\n<meta property=\"og:url\" content=\"https:\/\/www.mamibot.ee\/ru\/\u043e\u0431\u0440\u0430\u0431\u043e\u0442\u043a\u0430-\u043f\u0435\u0440\u0441\u043e\u043d\u0430\u043b\u044c\u043d\u044b\u0445-\u0434\u0430\u043d\u043d\u044b\u0445\/\" \/>\n<meta property=\"og:site_name\" content=\"\u0420\u043e\u0431\u043e\u0442\u044b-\u0443\u0431\u043e\u0440\u0449\u0438\u043a\u0438 | Mamibot\" \/>\n<meta property=\"article:publisher\" content=\"https:\/\/www.facebook.com\/MamibotRobotid\/\" \/>\n<meta name=\"twitter:card\" content=\"summary_large_image\" \/>\n<meta name=\"twitter:label1\" content=\"\u041f\u0440\u0438\u043c\u0435\u0440\u043d\u043e\u0435 \u0432\u0440\u0435\u043c\u044f \u0434\u043b\u044f \u0447\u0442\u0435\u043d\u0438\u044f\" \/>\n\t<meta name=\"twitter:data1\" content=\"3 \u043c\u0438\u043d\u0443\u0442\u044b\" \/>\n<script type=\"application\/ld+json\" class=\"yoast-schema-graph\">{\"@context\":\"https:\/\/schema.org\",\"@graph\":[{\"@type\":\"WebPage\",\"@id\":\"https:\/\/www.mamibot.ee\/ru\/%d0%be%d0%b1%d1%80%d0%b0%d0%b1%d0%be%d1%82%d0%ba%d0%b0-%d0%bf%d0%b5%d1%80%d1%81%d0%be%d0%bd%d0%b0%d0%bb%d1%8c%d0%bd%d1%8b%d1%85-%d0%b4%d0%b0%d0%bd%d0%bd%d1%8b%d1%85\/\",\"url\":\"https:\/\/www.mamibot.ee\/ru\/%d0%be%d0%b1%d1%80%d0%b0%d0%b1%d0%be%d1%82%d0%ba%d0%b0-%d0%bf%d0%b5%d1%80%d1%81%d0%be%d0%bd%d0%b0%d0%bb%d1%8c%d0%bd%d1%8b%d1%85-%d0%b4%d0%b0%d0%bd%d0%bd%d1%8b%d1%85\/\",\"name\":\"\u041e\u0431\u0440\u0430\u0431\u043e\u0442\u043a\u0430 \u043f\u0435\u0440\u0441\u043e\u043d\u0430\u043b\u044c\u043d\u044b\u0445 \u0434\u0430\u043d\u043d\u044b\u0445 | \u0420\u043e\u0431\u043e\u0442\u044b-\u0443\u0431\u043e\u0440\u0449\u0438\u043a\u0438 | Mamibot\",\"isPartOf\":{\"@id\":\"https:\/\/www.mamibot.ee\/#website\"},\"datePublished\":\"2020-03-08T23:18:52+00:00\",\"breadcrumb\":{\"@id\":\"https:\/\/www.mamibot.ee\/ru\/%d0%be%d0%b1%d1%80%d0%b0%d0%b1%d0%be%d1%82%d0%ba%d0%b0-%d0%bf%d0%b5%d1%80%d1%81%d0%be%d0%bd%d0%b0%d0%bb%d1%8c%d0%bd%d1%8b%d1%85-%d0%b4%d0%b0%d0%bd%d0%bd%d1%8b%d1%85\/#breadcrumb\"},\"inLanguage\":\"ru-RU\",\"potentialAction\":[{\"@type\":\"ReadAction\",\"target\":[\"https:\/\/www.mamibot.ee\/ru\/%d0%be%d0%b1%d1%80%d0%b0%d0%b1%d0%be%d1%82%d0%ba%d0%b0-%d0%bf%d0%b5%d1%80%d1%81%d0%be%d0%bd%d0%b0%d0%bb%d1%8c%d0%bd%d1%8b%d1%85-%d0%b4%d0%b0%d0%bd%d0%bd%d1%8b%d1%85\/\"]}]},{\"@type\":\"BreadcrumbList\",\"@id\":\"https:\/\/www.mamibot.ee\/ru\/%d0%be%d0%b1%d1%80%d0%b0%d0%b1%d0%be%d1%82%d0%ba%d0%b0-%d0%bf%d0%b5%d1%80%d1%81%d0%be%d0%bd%d0%b0%d0%bb%d1%8c%d0%bd%d1%8b%d1%85-%d0%b4%d0%b0%d0%bd%d0%bd%d1%8b%d1%85\/#breadcrumb\",\"itemListElement\":[{\"@type\":\"ListItem\",\"position\":1,\"name\":\"Home\",\"item\":\"https:\/\/www.mamibot.ee\/ru\/\"},{\"@type\":\"ListItem\",\"position\":2,\"name\":\"\u041e\u0431\u0440\u0430\u0431\u043e\u0442\u043a\u0430 \u043f\u0435\u0440\u0441\u043e\u043d\u0430\u043b\u044c\u043d\u044b\u0445 \u0434\u0430\u043d\u043d\u044b\u0445\"}]},{\"@type\":\"WebSite\",\"@id\":\"https:\/\/www.mamibot.ee\/#website\",\"url\":\"https:\/\/www.mamibot.ee\/\",\"name\":\"Mamibot robottolmuimejad\",\"description\":\"\u041d\u0430\u043f\u0440\u044f\u043c\u0443\u044e \u043e\u0442 \u0438\u043c\u043f\u043e\u0440\u0442\u0435\u0440\u0430!\",\"publisher\":{\"@id\":\"https:\/\/www.mamibot.ee\/#organization\"},\"potentialAction\":[{\"@type\":\"SearchAction\",\"target\":{\"@type\":\"EntryPoint\",\"urlTemplate\":\"https:\/\/www.mamibot.ee\/?s={search_term_string}\"},\"query-input\":{\"@type\":\"PropertyValueSpecification\",\"valueRequired\":true,\"valueName\":\"search_term_string\"}}],\"inLanguage\":\"ru-RU\"},{\"@type\":\"Organization\",\"@id\":\"https:\/\/www.mamibot.ee\/#organization\",\"name\":\"Mamibot Robottolmuimejad\",\"url\":\"https:\/\/www.mamibot.ee\/\",\"logo\":{\"@type\":\"ImageObject\",\"inLanguage\":\"ru-RU\",\"@id\":\"https:\/\/www.mamibot.ee\/#\/schema\/logo\/image\/\",\"url\":\"https:\/\/www.mamibot.ee\/wp-content\/uploads\/2018\/10\/Logo_Polti.png\",\"contentUrl\":\"https:\/\/www.mamibot.ee\/wp-content\/uploads\/2018\/10\/Logo_Polti.png\",\"width\":2446,\"height\":567,\"caption\":\"Mamibot Robottolmuimejad\"},\"image\":{\"@id\":\"https:\/\/www.mamibot.ee\/#\/schema\/logo\/image\/\"},\"sameAs\":[\"https:\/\/www.facebook.com\/MamibotRobotid\/\"]}]}<\/script>\n<!-- \/ Yoast SEO plugin. -->","yoast_head_json":{"title":"\u041e\u0431\u0440\u0430\u0431\u043e\u0442\u043a\u0430 \u043f\u0435\u0440\u0441\u043e\u043d\u0430\u043b\u044c\u043d\u044b\u0445 \u0434\u0430\u043d\u043d\u044b\u0445 | \u0420\u043e\u0431\u043e\u0442\u044b-\u0443\u0431\u043e\u0440\u0449\u0438\u043a\u0438 | Mamibot","robots":{"index":"index","follow":"follow","max-snippet":"max-snippet:-1","max-image-preview":"max-image-preview:large","max-video-preview":"max-video-preview:-1"},"canonical":"https:\/\/www.mamibot.ee\/ru\/\u043e\u0431\u0440\u0430\u0431\u043e\u0442\u043a\u0430-\u043f\u0435\u0440\u0441\u043e\u043d\u0430\u043b\u044c\u043d\u044b\u0445-\u0434\u0430\u043d\u043d\u044b\u0445\/","og_locale":"ru_RU","og_type":"article","og_title":"\u041e\u0431\u0440\u0430\u0431\u043e\u0442\u043a\u0430 \u043f\u0435\u0440\u0441\u043e\u043d\u0430\u043b\u044c\u043d\u044b\u0445 \u0434\u0430\u043d\u043d\u044b\u0445 | \u0420\u043e\u0431\u043e\u0442\u044b-\u0443\u0431\u043e\u0440\u0449\u0438\u043a\u0438 | Mamibot","og_description":"[vc_row][vc_column][vc_custom_heading text=&#8221;Isikuandmete t\u00f6\u00f6tlemine&#8221; font_container=&#8221;tag:h1|font_size:34px|text_align:left|color:%23000000|line_height:1.8&#8243; google_fonts=&#8221;font_family:Open%20Sans%3A300%2C300italic%2Cregular%2Citalic%2C600%2C600italic%2C700%2C700italic%2C800%2C800italic|font_style:400%20regular%3A400%3Anormal&#8221;][\/vc_column][\/vc_row][vc_row][vc_column width=&#8221;2\/3&#8243;][vc_column_text]Goldstar Eesti O\u00dc on v\u00f5tnud endale kohustuse kaitsta klientide ja kasutajate privaatsust. Sellest l\u00e4htuvalt oleme koostanud k\u00e4esolevad privaatsuspoliitika p\u00f5him\u00f5tted, mis k\u00e4sitlevad kliendi andmete kogumist, kasutamist, avaldamist, edastamist ja talletamist. Meie tegevus internetis on koosk\u00f5las k\u00f5igi asjakohaste tegevuste ja vastavate Euroopa Liidu \u00f5igusaktide ja Eesti Vabariigi seadustega. Isikuandmete kogumine ja kasutamine [&hellip;]","og_url":"https:\/\/www.mamibot.ee\/ru\/\u043e\u0431\u0440\u0430\u0431\u043e\u0442\u043a\u0430-\u043f\u0435\u0440\u0441\u043e\u043d\u0430\u043b\u044c\u043d\u044b\u0445-\u0434\u0430\u043d\u043d\u044b\u0445\/","og_site_name":"\u0420\u043e\u0431\u043e\u0442\u044b-\u0443\u0431\u043e\u0440\u0449\u0438\u043a\u0438 | Mamibot","article_publisher":"https:\/\/www.facebook.com\/MamibotRobotid\/","twitter_card":"summary_large_image","twitter_misc":{"\u041f\u0440\u0438\u043c\u0435\u0440\u043d\u043e\u0435 \u0432\u0440\u0435\u043c\u044f \u0434\u043b\u044f \u0447\u0442\u0435\u043d\u0438\u044f":"3 \u043c\u0438\u043d\u0443\u0442\u044b"},"schema":{"@context":"https:\/\/schema.org","@graph":[{"@type":"WebPage","@id":"https:\/\/www.mamibot.ee\/ru\/%d0%be%d0%b1%d1%80%d0%b0%d0%b1%d0%be%d1%82%d0%ba%d0%b0-%d0%bf%d0%b5%d1%80%d1%81%d0%be%d0%bd%d0%b0%d0%bb%d1%8c%d0%bd%d1%8b%d1%85-%d0%b4%d0%b0%d0%bd%d0%bd%d1%8b%d1%85\/","url":"https:\/\/www.mamibot.ee\/ru\/%d0%be%d0%b1%d1%80%d0%b0%d0%b1%d0%be%d1%82%d0%ba%d0%b0-%d0%bf%d0%b5%d1%80%d1%81%d0%be%d0%bd%d0%b0%d0%bb%d1%8c%d0%bd%d1%8b%d1%85-%d0%b4%d0%b0%d0%bd%d0%bd%d1%8b%d1%85\/","name":"\u041e\u0431\u0440\u0430\u0431\u043e\u0442\u043a\u0430 \u043f\u0435\u0440\u0441\u043e\u043d\u0430\u043b\u044c\u043d\u044b\u0445 \u0434\u0430\u043d\u043d\u044b\u0445 | \u0420\u043e\u0431\u043e\u0442\u044b-\u0443\u0431\u043e\u0440\u0449\u0438\u043a\u0438 | Mamibot","isPartOf":{"@id":"https:\/\/www.mamibot.ee\/#website"},"datePublished":"2020-03-08T23:18:52+00:00","breadcrumb":{"@id":"https:\/\/www.mamibot.ee\/ru\/%d0%be%d0%b1%d1%80%d0%b0%d0%b1%d0%be%d1%82%d0%ba%d0%b0-%d0%bf%d0%b5%d1%80%d1%81%d0%be%d0%bd%d0%b0%d0%bb%d1%8c%d0%bd%d1%8b%d1%85-%d0%b4%d0%b0%d0%bd%d0%bd%d1%8b%d1%85\/#breadcrumb"},"inLanguage":"ru-RU","potentialAction":[{"@type":"ReadAction","target":["https:\/\/www.mamibot.ee\/ru\/%d0%be%d0%b1%d1%80%d0%b0%d0%b1%d0%be%d1%82%d0%ba%d0%b0-%d0%bf%d0%b5%d1%80%d1%81%d0%be%d0%bd%d0%b0%d0%bb%d1%8c%d0%bd%d1%8b%d1%85-%d0%b4%d0%b0%d0%bd%d0%bd%d1%8b%d1%85\/"]}]},{"@type":"BreadcrumbList","@id":"https:\/\/www.mamibot.ee\/ru\/%d0%be%d0%b1%d1%80%d0%b0%d0%b1%d0%be%d1%82%d0%ba%d0%b0-%d0%bf%d0%b5%d1%80%d1%81%d0%be%d0%bd%d0%b0%d0%bb%d1%8c%d0%bd%d1%8b%d1%85-%d0%b4%d0%b0%d0%bd%d0%bd%d1%8b%d1%85\/#breadcrumb","itemListElement":[{"@type":"ListItem","position":1,"name":"Home","item":"https:\/\/www.mamibot.ee\/ru\/"},{"@type":"ListItem","position":2,"name":"\u041e\u0431\u0440\u0430\u0431\u043e\u0442\u043a\u0430 \u043f\u0435\u0440\u0441\u043e\u043d\u0430\u043b\u044c\u043d\u044b\u0445 \u0434\u0430\u043d\u043d\u044b\u0445"}]},{"@type":"WebSite","@id":"https:\/\/www.mamibot.ee\/#website","url":"https:\/\/www.mamibot.ee\/","name":"Mamibot robottolmuimejad","description":"\u041d\u0430\u043f\u0440\u044f\u043c\u0443\u044e \u043e\u0442 \u0438\u043c\u043f\u043e\u0440\u0442\u0435\u0440\u0430!","publisher":{"@id":"https:\/\/www.mamibot.ee\/#organization"},"potentialAction":[{"@type":"SearchAction","target":{"@type":"EntryPoint","urlTemplate":"https:\/\/www.mamibot.ee\/?s={search_term_string}"},"query-input":{"@type":"PropertyValueSpecification","valueRequired":true,"valueName":"search_term_string"}}],"inLanguage":"ru-RU"},{"@type":"Organization","@id":"https:\/\/www.mamibot.ee\/#organization","name":"Mamibot Robottolmuimejad","url":"https:\/\/www.mamibot.ee\/","logo":{"@type":"ImageObject","inLanguage":"ru-RU","@id":"https:\/\/www.mamibot.ee\/#\/schema\/logo\/image\/","url":"https:\/\/www.mamibot.ee\/wp-content\/uploads\/2018\/10\/Logo_Polti.png","contentUrl":"https:\/\/www.mamibot.ee\/wp-content\/uploads\/2018\/10\/Logo_Polti.png","width":2446,"height":567,"caption":"Mamibot Robottolmuimejad"},"image":{"@id":"https:\/\/www.mamibot.ee\/#\/schema\/logo\/image\/"},"sameAs":["https:\/\/www.facebook.com\/MamibotRobotid\/"]}]}},"_links":{"self":[{"href":"https:\/\/www.mamibot.ee\/ru\/wp-json\/wp\/v2\/pages\/8260","targetHints":{"allow":["GET"]}}],"collection":[{"href":"https:\/\/www.mamibot.ee\/ru\/wp-json\/wp\/v2\/pages"}],"about":[{"href":"https:\/\/www.mamibot.ee\/ru\/wp-json\/wp\/v2\/types\/page"}],"author":[{"embeddable":true,"href":"https:\/\/www.mamibot.ee\/ru\/wp-json\/wp\/v2\/users\/1"}],"replies":[{"embeddable":true,"href":"https:\/\/www.mamibot.ee\/ru\/wp-json\/wp\/v2\/comments?post=8260"}],"version-history":[{"count":0,"href":"https:\/\/www.mamibot.ee\/ru\/wp-json\/wp\/v2\/pages\/8260\/revisions"}],"wp:attachment":[{"href":"https:\/\/www.mamibot.ee\/ru\/wp-json\/wp\/v2\/media?parent=8260"}],"curies":[{"name":"wp","href":"https:\/\/api.w.org\/{rel}","templated":true}]}}