{"id":8264,"date":"2020-03-09T01:20:04","date_gmt":"2020-03-08T23:20:04","guid":{"rendered":"https:\/\/www.mamibot.ee\/?page_id=8264"},"modified":"2020-03-09T01:20:05","modified_gmt":"2020-03-08T23:20:05","slug":"%d0%bf%d0%be%d0%bb%d0%b8%d1%82%d0%b8%d0%ba%d0%b0-%d0%ba%d0%be%d0%bd%d1%84%d0%b8%d0%b4%d0%b5%d0%bd%d1%86%d0%b8%d0%b0%d0%bb%d1%8c%d0%bd%d0%be%d1%81%d1%82%d0%b8","status":"publish","type":"page","link":"https:\/\/www.mamibot.ee\/ru\/%d0%bf%d0%be%d0%bb%d0%b8%d1%82%d0%b8%d0%ba%d0%b0-%d0%ba%d0%be%d0%bd%d1%84%d0%b8%d0%b4%d0%b5%d0%bd%d1%86%d0%b8%d0%b0%d0%bb%d1%8c%d0%bd%d0%be%d1%81%d1%82%d0%b8\/","title":{"rendered":"\u041f\u043e\u043b\u0438\u0442\u0438\u043a\u0430 \u043a\u043e\u043d\u0444\u0438\u0434\u0435\u043d\u0446\u0438\u0430\u043b\u044c\u043d\u043e\u0441\u0442\u0438"},"content":{"rendered":"<div class=\"wpb-content-wrapper\"><p>[vc_row][vc_column][vc_custom_heading text=&#8221;Privaatsuspoliitika&#8221; font_container=&#8221;tag:h1|font_size:34px|text_align:left|color:%23000000|line_height:1.8&#8243; google_fonts=&#8221;font_family:Open%20Sans%3A300%2C300italic%2Cregular%2Citalic%2C600%2C600italic%2C700%2C700italic%2C800%2C800italic|font_style:400%20regular%3A400%3Anormal&#8221;][vc_column_text]<strong>Isikuandmete t\u00f6\u00f6tlemine<\/strong><br \/>\nGoldstar Eesti O\u00dc on v\u00f5tnud endale kohustuse kaitsta klientide ja kasutajate privaatsust. Sellest l\u00e4htuvalt oleme koostanud k\u00e4esolevad privaatsuspoliitika p\u00f5him\u00f5tted, mis k\u00e4sitlevad kliendi andmete kogumist, kasutamist, avaldamist, edastamist ja talletamist. Meie tegevus internetis on koosk\u00f5las k\u00f5igi asjakohaste tegevuste ja vastavate Euroopa Liidu \u00f5igusaktide ja Eesti Vabariigi seadustega.<\/p>\n<p><strong>Isikuandmete kogumine ja kasutamine<\/strong><\/p>\n<p>Isikuandmed on andmed, mida Goldstar Eesti O\u00dc kogub \u00fcksikisikuga s\u00f5lmitud lepingu t\u00e4itmisel v\u00f5i temaga \u00fchenduse v\u00f5tmiseks. P\u00fcsikliendi isikuandmete kogumine v\u00f5ib toimuda allj\u00e4rgnevatel viisidel:<\/p>\n<ul>\n<li>kontaktandmete (sh sinu nimi, isikukood, postiaadress, telefoninumber, e-posti aadress, eelistatud kontakteerumisviis) esitamisel meie veebisaidil v\u00f5i mujal (n\u00e4it. kauplused)<\/li>\n<li>\u00a0veebisaidi kasutamisel kliendi kontoinfost v\u00f5i k\u00fcpsiste (cookies) kaudu<\/li>\n<li>ostu v\u00f5i tellimuse sooritamisel meie poes v\u00f5i e-poes isiku kontaktandmete v\u00f5i ostueelistusi puudutavate andmete talletamisel (Goldstar Eesti O\u00dc v\u00f5ib paluda teatud veebilehe aladel vabatahtlikult esitada isikuandmeid ja personaalset informatsiooni. N\u00f5utavad isikuandmed v\u00f5ivad sisaldada nime, aadressi, postiindeksit, e-posti aadressi, telefoninumbrit ja teisi andmeid)<\/li>\n<li>j\u00e4relmaksutaotluse esitamisel<\/li>\n<li>muude andmete kogumine<\/li>\n<\/ul>\n<p>Kogume ka isikustamata andmeid \u2013 andmeid, mida ei saa otseselt \u00fche kindla isikuga siduda (sugu, vanus, keele eelistus, asukoht). V\u00f5ime koguda ka andmeid \u00fcldistatud klienditegevuste kohta meie veebisaidil. Need andmed koondatakse ja neid kasutatakse selleks, et saaksime klientidele edastada kasulikumat teavet ja saaksime teada, millised veebisaidi, toodete ja teenuste osad on k\u00f5ige huvipakkuvamad. Koondandmeid k\u00e4sitletakse selles privaatsuspoliitikas isikustamata andmetena.<\/p>\n<p><strong>Kogutud isikuandmete kasutamine<\/strong><\/p>\n<p>Kogutud isikuandmete abil saame teavitada kliente Mamiboti tooteuudistest, kampaaniatest ja tulevastest s\u00fcndmustest. Klient, kes ei soovi olla meie uudiskirjaloendis v\u00f5i saada teavitusi teda huvitada v\u00f5ivatest toodetest, saab ennast adressaatide sihtr\u00fchmast igal ajal eemaldada. Kogutud isikuandmeid kasutame ka kauba kohaletoimetamiseks ning kliendi ees v\u00f5etud kohustuste t\u00e4itmiseks.<\/p>\n<p>Kliendi paremaks teenindamiseks v\u00f5ib Goldstar Eesti O\u00dc avaldada teavet \u00fcksikute kasutajate kohta kolmandale osapoolele, kes osutab Goldstar Eesti O\u00dc-le teenuseid ning on lepinguga kohustunud hoidma jagatud teavet konfidentsiaalsena. Kolmandaks osapooleks on n\u00e4iteks meie partner, kelle \u00fclesanneteks on e-poes m\u00fc\u00fcdavate kaupade transport v\u00f5i j\u00e4relmaksu teenuse pakkumine.<\/p>\n<p><strong>Kogutud isikuandmete muutmine<\/strong><\/p>\n<p>Kliendi tuvastamiseks ja temaga kontakteerumiseks kogutud isikuandmeid on v\u00f5imalik n\u00e4ha, muuta ja t\u00e4iendada meie veebisaidil \u201eMinu info\u201c alas. E-maili (Mamiboti veebisaidi kasutajatunnuse) muutumisel palume meid sellest teavitada, kuna seda ei ole kliendil endal v\u00f5imalik muuta.<\/p>\n<p><strong>Isikuandmete kaitse<\/strong><\/p>\n<p>Goldstar Eesti O\u00dc rakendab k\u00f5iki ettevaatusabin\u00f5usid (sh administratiivsed, tehnilised ja f\u00fc\u00fcsilised meetmed) kliendi isikuandmete kaitsmiseks. Juurdep\u00e4\u00e4s andmete muutmiseks ja t\u00f6\u00f6tlemiseks on ainult selleks volitatud isikutel.<\/p>\n<p><strong>Turvalisus<\/strong><\/p>\n<p>K\u00f5iki Mamiboti e-poe k\u00fclastamise ja ostude sooritamise k\u00e4igus teatavaks saanud kliendi isikuandmeid k\u00e4sitletakse kui konfidentsiaalset infot. Kr\u00fcpteeritud andmesidekanal pankadega tagab ostu sooritaja isikuandmete ja pangarekvisiitide turvalisuse.<\/p>\n<p><strong>Privaatsuspoliitika tingimused ja muudatused<\/strong><\/p>\n<p>Meie veebisaiti kasutama asudes v\u00f5i p\u00fcsikliendi avalduse t\u00e4itmisel oled k\u00e4esolevate p\u00f5him\u00f5tete ja tingimustega tutvunud ning nendega n\u00f5ustunud. J\u00e4tame endale \u00f5iguse vajadusel privaatsuspoliitika \u00fcldtingimusi muuta, teavitades sellest k\u00f5iki p\u00fcsikliente. K\u00f5igi privaatsuspoliitika v\u00f5i andmet\u00f6\u00f6tluse kohta tekkivate k\u00fcsimuste v\u00f5i muredega palume v\u00f5tta meiega \u00fchendust aadressil <a href=\"mailto:info@mamibot.ee\">info@mamibot.ee<\/a>.<\/p>\n<p><b>K\u00fcpsistepoliitika<\/b><\/p>\n<p>Meie veebisait kasutab k\u00fcpsiseid ja muid sarnaseid tehnoloogiaid, et pakkuda t\u00e4ielikumat ja t\u00f5husamat lehek\u00fclastust.<\/p>\n<p>Sirvides brauseris olevaid Mamiboti veebisaite, mis lubavad k\u00fcpsiseid vastu v\u00f5tta, n\u00f5ustute k\u00fcpsiste ja muu sarnase tehnoloogia kasutamisega, mida on vaja nende dokumentide korrektseks vaatamiseks, nagu k\u00e4esolevas dokumendis m\u00e4rgitud.<\/p>\n<p><b>Teave k\u00fcpsiste ja veebimajakate kohta<\/b><\/p>\n<p>K\u00fcpsised on v\u00e4ikesed tekstifailid, mida veebisaidid brauseri v\u00f5i brauseri m\u00e4llu brauseri ajal m\u00e4llu salvestavad. Nagu enamik teisi veebisaite, kasutame neid k\u00fcpsiseid, et m\u00f5ista, kuidas kasutajad kasutavad meie teenuseid ja soovime parandada seda vastavalt.<\/p>\n<p>Veebimajakas on v\u00e4ike pilt veebilehel v\u00f5i meililistis, mis v\u00f5imaldab meil otsustada, kas olete tutvunud teatud sisu v\u00f5i e-kirjaga v\u00f5i mitte.<\/p>\n<p><b>H\u00e4datarvilikud k\u00fcpsised<\/b>. Need k\u00fcpsised on esmat\u00e4htsad selleks, et meie Sait toimiks ja Te saaksite sellel ringi liikuda ning selle v\u00f5imalusi kasutada. Ilma nende esma tarvilike k\u00fcpsisteta, ei pruugi me olla v\u00f5imelised pakkuma kindlaid teenuseid ja v\u00f5imalusi ning meie Sait ei funktsioneeri nii sujuvalt nagu me sooviksime.<\/p>\n<p>Sellel Saidil leiduvad h\u00e4datarvilikud k\u00fcpsised v\u00f5ivad sisaldada:<\/p>\n<table class=\"aligncenter\" border=\"1\">\n<tbody>\n<tr>\n<td>K\u00fcpsis<\/td>\n<td>Kirjeldus<\/td>\n<td>Domeen<\/td>\n<\/tr>\n<tr>\n<td>woocommerce_cart_hash<\/td>\n<td>Salvestab kodeeritud stringi, mis esindab WooCommerce\u2019i ostukorvi sisu<\/td>\n<td>mamibot.ee<\/td>\n<\/tr>\n<tr>\n<td>_icl_current_language<\/td>\n<td>Sisaldab lehe kasutaja praegust keelt<\/td>\n<td>mamibot.ee<\/td>\n<\/tr>\n<tr>\n<td>wordfence_verifiedHuman<\/td>\n<td>Kaitseb saiti pahatahtlike r\u00fcnnakute eest<\/td>\n<td>mamibot.ee<\/td>\n<\/tr>\n<tr>\n<td>wp_woocommerce_session_e21d9b9fef97b45a4957a581638942c5<\/td>\n<td>K\u00fcpsis sisaldab teavet kliendi identifitseerimise ja seansi aegumise aja kohta.\u00a0K\u00fclastajatele on see juhuslikult genereeritud kr\u00fcptograafiliselt tugev ID.<\/td>\n<td>mamibot.ee<\/td>\n<\/tr>\n<tr>\n<td>woocommerce_items_in_cart<\/td>\n<td>Salvestab ostukorvis olevad tooted<\/td>\n<td>mamibot.ee<\/td>\n<\/tr>\n<tr>\n<td>wfvt_<\/td>\n<td>See on k\u00fcpsis, mis on sisselogitud kasutajate jaoks<\/td>\n<td>mamibot.ee<\/td>\n<\/tr>\n<tr>\n<td>wpml_referer_url<\/td>\n<td>See k\u00fcpsis lisatakse iga kord kui lehte k\u00fclastate. Saate muuta lehek\u00fclje keelt ja kui see k\u00fcpsis ei ole lisatud siis v\u00f5ite saada vale informatsiooni<\/td>\n<td>mamibot.ee<\/td>\n<\/tr>\n<tr>\n<td>gridcookie<\/td>\n<td>Lehe saidil oleva teema k\u00fcpsis, mida kasutatatakse veebi disainimiseks.<\/td>\n<td>mamibot.ee<\/td>\n<\/tr>\n<\/tbody>\n<\/table>\n<p><b>J\u00f5udlusk\u00fcpsised.<\/b> J\u00f5udlusk\u00fcpsised, mida vahel kutsutakse ka anal\u00fc\u00fctilisteks k\u00fcpsisteks, koguvad informatsiooni selle kohta, kuidas Te Saiti kasutate ja v\u00f5imaldavad meil parandada lehek\u00fclje toimimist. N\u00e4iteks on j\u00f5udlusk\u00fcpsised suutelised n\u00e4itama meile seda, kuidas Te meie Saiti kasutate, ja parandama seda, kuidas Sait toimib. N\u00e4iteks n\u00e4itavad j\u00f5udlusk\u00fcpsised meile seda, millised on k\u00f5ige enam k\u00fclastatud lehek\u00fcljed meie Saidil, millised on \u00fcldised Saidi kasutamise mustrid ja samuti on meil t\u00e4nu k\u00fcpsistele v\u00f5imalik m\u00e4rgata v\u00f5imalikke raskuseid, mis Teil Saidi kasutamisel esinevad ning n\u00e4ha seda, kas reklaam on efektiivne v\u00f5i mitte.<\/p>\n<p>Sellel Saidil leiduvad j\u00f5udlusk\u00fcpsised v\u00f5ivad sisaldada j\u00e4rgnevat:<\/p>\n<table style=\"border-collapse: collapse; width: 100%; height: 72px;\" border=\"1\">\n<tbody>\n<tr style=\"height: 24px;\">\n<td style=\"width: 33.3333%; height: 24px;\">K\u00fcpsis<\/td>\n<td style=\"width: 33.3333%; height: 24px;\">Kirjeldus<\/td>\n<td style=\"width: 33.3333%; height: 24px;\">Domeen<\/td>\n<\/tr>\n<tr style=\"height: 24px;\">\n<td style=\"width: 33.3333%; height: 24px;\">_ga, _gid,\u00a0_gat<\/td>\n<td style=\"width: 33.3333%; height: 24px;\">K\u00fcpsiste komplekt teabe kogumiseks ja statistika koostamiseks veebisaitide kasutamise kohta ilma isiklike andmete esitamiseta \u00fcksikute k\u00fclastajate kohta<\/td>\n<td style=\"width: 33.3333%; height: 24px;\">mamibot.ee<\/td>\n<\/tr>\n<tr style=\"height: 24px;\">\n<td style=\"width: 33.3333%; height: 24px;\">_zlcmid<\/td>\n<td style=\"width: 33.3333%; height: 24px;\">See k\u00fcpsis tagab kliendiga live\u2019s suhtlemise funktsionaalsuse.<\/td>\n<td style=\"width: 33.3333%; height: 24px;\">mamibot.ee<\/td>\n<\/tr>\n<\/tbody>\n<\/table>\n<p>Kuidas Mamibot neid tehnoloogiaid kasutab?<\/p>\n<p><b>AUTENTIFITSEERIMINE JA NAVIGATSIOON<\/b><\/p>\n<p>Iga kord, kui logite sisse oma Mamiboti kontole, luuakse seansik\u00fcpsis, mis v\u00f5imaldab teil j\u00e4\u00e4da sisse logida k\u00f5igil saidi lehtedel; need k\u00fcpsised on ostuprotsessi haldamiseks h\u00e4davajalikud.<\/p>\n<p>Isegi anon\u00fc\u00fcmseid k\u00fclastajaid j\u00e4lgib seansik\u00fcpsis, mis v\u00f5imaldab meil n\u00e4iteks lugeda, mitu kasutajat k\u00fclastas meie saiti, kui kaua nad j\u00e4id ja millistele lehtedele nad k\u00f5ige enam meeldisid. See teave aitab meil meie veebisaiti pidevalt t\u00e4iustada ja aja jooksul parandada lehe arengut, et saaksime rahuldada kasutajate ootusi.<\/p>\n<p>Seansi k\u00fcpsised ei kogu isikuandmeid ja need kustutatakse sirvimisseansi l\u00f5pus v\u00f5i brauseri sulgemisel.<\/p>\n<p><b>STATISTIKA JA TEADUSUURINGUD<\/b><\/p>\n<p>K\u00fcpsised v\u00f5imaldavad meil m\u00f5ista, kuidas k\u00fclastajad kasutavad meie teenuseid ja milliseid funktsioone v\u00f5i sisu kasutajad on eriti hinnatud. N\u00e4iteks k\u00fcpsised v\u00f5ivad meile anda teavet selle kohta, kui palju kasutajaid on k\u00fclastanud konkreetse toote lehel v\u00f5i milliseid m\u00e4rks\u00f5nu nad seal sinna j\u00f5udmiseks kasutasid.<\/p>\n<p>Teatud teabe kogumiseks, n\u00e4iteks navigatsiooni statistika jaoks kasutab meie veebisait Google Analyticsi. Google Analyticsi abil loodud k\u00fcpsiste kohta lisateabe saamiseks lugege ametlikke dokumente <a href=\"https:\/\/developers.google.com\/analytics\/devguides\/collection\/analyticsjs\/cookie-usage\">siit<\/a>.<\/p>\n<p><b>REKLAAM<\/b><\/p>\n<p>Mamibot v\u00f5ib kasutada k\u00fcpsiseid ja veebimajakaid, et hinnata n\u00e4iteks kvaliteetset sisu pakkuvate reklaamide ja infolehtede toimivust ja efektiivsust.<\/p>\n<p><b>Keelake v\u00f5i kustutage k\u00fcpsised<\/b><\/p>\n<p>Enamiku veebibrauserite seadeid saate muuta selleks, et k\u00fcpsiseid enam ei aksepteeritaks v\u00f5i neid ei lubataks. Kuigi m\u00f5nede meie teenuste k\u00fcpsised ei ole n\u00f5utavad, siis nende t\u00e4ieliku deaktiveerimise korral ei pruugi Mamiboti veebisaidid korralikult t\u00f6\u00f6tada.<\/p>\n<p>Samuti saate kustutada oma seadmesse juba salvestatud k\u00fcpsised.<\/p>\n<p>Lugege k\u00fcpsiste haldamise juhiseid <a href=\"https:\/\/support.microsoft.com\/it-it\/help\/17442\/windows-internet-explorer-delete-manage-cookies\">Internet Exploreris<\/a><\/p>\n<p>Lugege Firefoxi k\u00fcpsiste haldamise <a href=\"https:\/\/support.mozilla.org\/it\/kb\/Bloccare%20i%20cookie\">juhiseid<\/a><\/p>\n<p>Lugege Google Chrome\u2019i k\u00fcpsiste haldamise <a href=\"https:\/\/support.google.com\/chrome\/answer\/95647?hl=it\">juhiseid<\/a><\/p>\n<p>Lugege Safari k\u00fcpsiste haldamise <a href=\"https:\/\/support.apple.com\/it-it\/HT201265\">juhiseid<\/a>[\/vc_column_text][\/vc_column][vc_column][\/vc_column][vc_column][\/vc_column][vc_column][\/vc_column][\/vc_row]<\/p>\n<\/div>","protected":false},"excerpt":{"rendered":"<p>[vc_row][vc_column][vc_custom_heading text=&#8221;Privaatsuspoliitika&#8221; font_container=&#8221;tag:h1|font_size:34px|text_align:left|color:%23000000|line_height:1.8&#8243; google_fonts=&#8221;font_family:Open%20Sans%3A300%2C300italic%2Cregular%2Citalic%2C600%2C600italic%2C700%2C700italic%2C800%2C800italic|font_style:400%20regular%3A400%3Anormal&#8221;][vc_column_text]Isikuandmete t\u00f6\u00f6tlemine Goldstar Eesti O\u00dc on v\u00f5tnud endale kohustuse kaitsta klientide ja kasutajate privaatsust. Sellest l\u00e4htuvalt oleme koostanud k\u00e4esolevad privaatsuspoliitika p\u00f5him\u00f5tted, mis k\u00e4sitlevad kliendi andmete kogumist, kasutamist, avaldamist, edastamist ja talletamist. Meie tegevus internetis on koosk\u00f5las k\u00f5igi asjakohaste tegevuste ja vastavate Euroopa Liidu \u00f5igusaktide ja Eesti Vabariigi seadustega. Isikuandmete kogumine ja kasutamine [&hellip;]<\/p>\n","protected":false},"author":1,"featured_media":0,"parent":0,"menu_order":0,"comment_status":"closed","ping_status":"closed","template":"","meta":{"footnotes":""},"class_list":["post-8264","page","type-page","status-publish","hentry"],"yoast_head":"<!-- This site is optimized with the Yoast SEO plugin v25.4 - https:\/\/yoast.com\/wordpress\/plugins\/seo\/ -->\n<title>\u041f\u043e\u043b\u0438\u0442\u0438\u043a\u0430 \u043a\u043e\u043d\u0444\u0438\u0434\u0435\u043d\u0446\u0438\u0430\u043b\u044c\u043d\u043e\u0441\u0442\u0438 | \u0420\u043e\u0431\u043e\u0442\u044b-\u0443\u0431\u043e\u0440\u0449\u0438\u043a\u0438 | Mamibot<\/title>\n<meta name=\"robots\" content=\"index, follow, max-snippet:-1, max-image-preview:large, max-video-preview:-1\" \/>\n<link rel=\"canonical\" href=\"https:\/\/www.mamibot.ee\/ru\/\u043f\u043e\u043b\u0438\u0442\u0438\u043a\u0430-\u043a\u043e\u043d\u0444\u0438\u0434\u0435\u043d\u0446\u0438\u0430\u043b\u044c\u043d\u043e\u0441\u0442\u0438\/\" \/>\n<meta property=\"og:locale\" content=\"ru_RU\" \/>\n<meta property=\"og:type\" content=\"article\" \/>\n<meta property=\"og:title\" content=\"\u041f\u043e\u043b\u0438\u0442\u0438\u043a\u0430 \u043a\u043e\u043d\u0444\u0438\u0434\u0435\u043d\u0446\u0438\u0430\u043b\u044c\u043d\u043e\u0441\u0442\u0438 | \u0420\u043e\u0431\u043e\u0442\u044b-\u0443\u0431\u043e\u0440\u0449\u0438\u043a\u0438 | Mamibot\" \/>\n<meta property=\"og:description\" content=\"[vc_row][vc_column][vc_custom_heading text=&#8221;Privaatsuspoliitika&#8221; font_container=&#8221;tag:h1|font_size:34px|text_align:left|color:%23000000|line_height:1.8&#8243; google_fonts=&#8221;font_family:Open%20Sans%3A300%2C300italic%2Cregular%2Citalic%2C600%2C600italic%2C700%2C700italic%2C800%2C800italic|font_style:400%20regular%3A400%3Anormal&#8221;][vc_column_text]Isikuandmete t\u00f6\u00f6tlemine Goldstar Eesti O\u00dc on v\u00f5tnud endale kohustuse kaitsta klientide ja kasutajate privaatsust. Sellest l\u00e4htuvalt oleme koostanud k\u00e4esolevad privaatsuspoliitika p\u00f5him\u00f5tted, mis k\u00e4sitlevad kliendi andmete kogumist, kasutamist, avaldamist, edastamist ja talletamist. Meie tegevus internetis on koosk\u00f5las k\u00f5igi asjakohaste tegevuste ja vastavate Euroopa Liidu \u00f5igusaktide ja Eesti Vabariigi seadustega. Isikuandmete kogumine ja kasutamine [&hellip;]\" \/>\n<meta property=\"og:url\" content=\"https:\/\/www.mamibot.ee\/ru\/\u043f\u043e\u043b\u0438\u0442\u0438\u043a\u0430-\u043a\u043e\u043d\u0444\u0438\u0434\u0435\u043d\u0446\u0438\u0430\u043b\u044c\u043d\u043e\u0441\u0442\u0438\/\" \/>\n<meta property=\"og:site_name\" content=\"\u0420\u043e\u0431\u043e\u0442\u044b-\u0443\u0431\u043e\u0440\u0449\u0438\u043a\u0438 | Mamibot\" \/>\n<meta property=\"article:publisher\" content=\"https:\/\/www.facebook.com\/MamibotRobotid\/\" \/>\n<meta property=\"article:modified_time\" content=\"2020-03-08T23:20:05+00:00\" \/>\n<meta name=\"twitter:card\" content=\"summary_large_image\" \/>\n<meta name=\"twitter:label1\" content=\"\u041f\u0440\u0438\u043c\u0435\u0440\u043d\u043e\u0435 \u0432\u0440\u0435\u043c\u044f \u0434\u043b\u044f \u0447\u0442\u0435\u043d\u0438\u044f\" \/>\n\t<meta name=\"twitter:data1\" content=\"7 \u043c\u0438\u043d\u0443\u0442\" \/>\n<script type=\"application\/ld+json\" class=\"yoast-schema-graph\">{\"@context\":\"https:\/\/schema.org\",\"@graph\":[{\"@type\":\"WebPage\",\"@id\":\"https:\/\/www.mamibot.ee\/ru\/%d0%bf%d0%be%d0%bb%d0%b8%d1%82%d0%b8%d0%ba%d0%b0-%d0%ba%d0%be%d0%bd%d1%84%d0%b8%d0%b4%d0%b5%d0%bd%d1%86%d0%b8%d0%b0%d0%bb%d1%8c%d0%bd%d0%be%d1%81%d1%82%d0%b8\/\",\"url\":\"https:\/\/www.mamibot.ee\/ru\/%d0%bf%d0%be%d0%bb%d0%b8%d1%82%d0%b8%d0%ba%d0%b0-%d0%ba%d0%be%d0%bd%d1%84%d0%b8%d0%b4%d0%b5%d0%bd%d1%86%d0%b8%d0%b0%d0%bb%d1%8c%d0%bd%d0%be%d1%81%d1%82%d0%b8\/\",\"name\":\"\u041f\u043e\u043b\u0438\u0442\u0438\u043a\u0430 \u043a\u043e\u043d\u0444\u0438\u0434\u0435\u043d\u0446\u0438\u0430\u043b\u044c\u043d\u043e\u0441\u0442\u0438 | \u0420\u043e\u0431\u043e\u0442\u044b-\u0443\u0431\u043e\u0440\u0449\u0438\u043a\u0438 | Mamibot\",\"isPartOf\":{\"@id\":\"https:\/\/www.mamibot.ee\/#website\"},\"datePublished\":\"2020-03-08T23:20:04+00:00\",\"dateModified\":\"2020-03-08T23:20:05+00:00\",\"breadcrumb\":{\"@id\":\"https:\/\/www.mamibot.ee\/ru\/%d0%bf%d0%be%d0%bb%d0%b8%d1%82%d0%b8%d0%ba%d0%b0-%d0%ba%d0%be%d0%bd%d1%84%d0%b8%d0%b4%d0%b5%d0%bd%d1%86%d0%b8%d0%b0%d0%bb%d1%8c%d0%bd%d0%be%d1%81%d1%82%d0%b8\/#breadcrumb\"},\"inLanguage\":\"ru-RU\",\"potentialAction\":[{\"@type\":\"ReadAction\",\"target\":[\"https:\/\/www.mamibot.ee\/ru\/%d0%bf%d0%be%d0%bb%d0%b8%d1%82%d0%b8%d0%ba%d0%b0-%d0%ba%d0%be%d0%bd%d1%84%d0%b8%d0%b4%d0%b5%d0%bd%d1%86%d0%b8%d0%b0%d0%bb%d1%8c%d0%bd%d0%be%d1%81%d1%82%d0%b8\/\"]}]},{\"@type\":\"BreadcrumbList\",\"@id\":\"https:\/\/www.mamibot.ee\/ru\/%d0%bf%d0%be%d0%bb%d0%b8%d1%82%d0%b8%d0%ba%d0%b0-%d0%ba%d0%be%d0%bd%d1%84%d0%b8%d0%b4%d0%b5%d0%bd%d1%86%d0%b8%d0%b0%d0%bb%d1%8c%d0%bd%d0%be%d1%81%d1%82%d0%b8\/#breadcrumb\",\"itemListElement\":[{\"@type\":\"ListItem\",\"position\":1,\"name\":\"Home\",\"item\":\"https:\/\/www.mamibot.ee\/ru\/\"},{\"@type\":\"ListItem\",\"position\":2,\"name\":\"\u041f\u043e\u043b\u0438\u0442\u0438\u043a\u0430 \u043a\u043e\u043d\u0444\u0438\u0434\u0435\u043d\u0446\u0438\u0430\u043b\u044c\u043d\u043e\u0441\u0442\u0438\"}]},{\"@type\":\"WebSite\",\"@id\":\"https:\/\/www.mamibot.ee\/#website\",\"url\":\"https:\/\/www.mamibot.ee\/\",\"name\":\"Mamibot robottolmuimejad\",\"description\":\"\u041d\u0430\u043f\u0440\u044f\u043c\u0443\u044e \u043e\u0442 \u0438\u043c\u043f\u043e\u0440\u0442\u0435\u0440\u0430!\",\"publisher\":{\"@id\":\"https:\/\/www.mamibot.ee\/#organization\"},\"potentialAction\":[{\"@type\":\"SearchAction\",\"target\":{\"@type\":\"EntryPoint\",\"urlTemplate\":\"https:\/\/www.mamibot.ee\/?s={search_term_string}\"},\"query-input\":{\"@type\":\"PropertyValueSpecification\",\"valueRequired\":true,\"valueName\":\"search_term_string\"}}],\"inLanguage\":\"ru-RU\"},{\"@type\":\"Organization\",\"@id\":\"https:\/\/www.mamibot.ee\/#organization\",\"name\":\"Mamibot Robottolmuimejad\",\"url\":\"https:\/\/www.mamibot.ee\/\",\"logo\":{\"@type\":\"ImageObject\",\"inLanguage\":\"ru-RU\",\"@id\":\"https:\/\/www.mamibot.ee\/#\/schema\/logo\/image\/\",\"url\":\"https:\/\/www.mamibot.ee\/wp-content\/uploads\/2018\/10\/Logo_Polti.png\",\"contentUrl\":\"https:\/\/www.mamibot.ee\/wp-content\/uploads\/2018\/10\/Logo_Polti.png\",\"width\":2446,\"height\":567,\"caption\":\"Mamibot Robottolmuimejad\"},\"image\":{\"@id\":\"https:\/\/www.mamibot.ee\/#\/schema\/logo\/image\/\"},\"sameAs\":[\"https:\/\/www.facebook.com\/MamibotRobotid\/\"]}]}<\/script>\n<!-- \/ Yoast SEO plugin. -->","yoast_head_json":{"title":"\u041f\u043e\u043b\u0438\u0442\u0438\u043a\u0430 \u043a\u043e\u043d\u0444\u0438\u0434\u0435\u043d\u0446\u0438\u0430\u043b\u044c\u043d\u043e\u0441\u0442\u0438 | \u0420\u043e\u0431\u043e\u0442\u044b-\u0443\u0431\u043e\u0440\u0449\u0438\u043a\u0438 | Mamibot","robots":{"index":"index","follow":"follow","max-snippet":"max-snippet:-1","max-image-preview":"max-image-preview:large","max-video-preview":"max-video-preview:-1"},"canonical":"https:\/\/www.mamibot.ee\/ru\/\u043f\u043e\u043b\u0438\u0442\u0438\u043a\u0430-\u043a\u043e\u043d\u0444\u0438\u0434\u0435\u043d\u0446\u0438\u0430\u043b\u044c\u043d\u043e\u0441\u0442\u0438\/","og_locale":"ru_RU","og_type":"article","og_title":"\u041f\u043e\u043b\u0438\u0442\u0438\u043a\u0430 \u043a\u043e\u043d\u0444\u0438\u0434\u0435\u043d\u0446\u0438\u0430\u043b\u044c\u043d\u043e\u0441\u0442\u0438 | \u0420\u043e\u0431\u043e\u0442\u044b-\u0443\u0431\u043e\u0440\u0449\u0438\u043a\u0438 | Mamibot","og_description":"[vc_row][vc_column][vc_custom_heading text=&#8221;Privaatsuspoliitika&#8221; font_container=&#8221;tag:h1|font_size:34px|text_align:left|color:%23000000|line_height:1.8&#8243; google_fonts=&#8221;font_family:Open%20Sans%3A300%2C300italic%2Cregular%2Citalic%2C600%2C600italic%2C700%2C700italic%2C800%2C800italic|font_style:400%20regular%3A400%3Anormal&#8221;][vc_column_text]Isikuandmete t\u00f6\u00f6tlemine Goldstar Eesti O\u00dc on v\u00f5tnud endale kohustuse kaitsta klientide ja kasutajate privaatsust. Sellest l\u00e4htuvalt oleme koostanud k\u00e4esolevad privaatsuspoliitika p\u00f5him\u00f5tted, mis k\u00e4sitlevad kliendi andmete kogumist, kasutamist, avaldamist, edastamist ja talletamist. Meie tegevus internetis on koosk\u00f5las k\u00f5igi asjakohaste tegevuste ja vastavate Euroopa Liidu \u00f5igusaktide ja Eesti Vabariigi seadustega. Isikuandmete kogumine ja kasutamine [&hellip;]","og_url":"https:\/\/www.mamibot.ee\/ru\/\u043f\u043e\u043b\u0438\u0442\u0438\u043a\u0430-\u043a\u043e\u043d\u0444\u0438\u0434\u0435\u043d\u0446\u0438\u0430\u043b\u044c\u043d\u043e\u0441\u0442\u0438\/","og_site_name":"\u0420\u043e\u0431\u043e\u0442\u044b-\u0443\u0431\u043e\u0440\u0449\u0438\u043a\u0438 | Mamibot","article_publisher":"https:\/\/www.facebook.com\/MamibotRobotid\/","article_modified_time":"2020-03-08T23:20:05+00:00","twitter_card":"summary_large_image","twitter_misc":{"\u041f\u0440\u0438\u043c\u0435\u0440\u043d\u043e\u0435 \u0432\u0440\u0435\u043c\u044f \u0434\u043b\u044f \u0447\u0442\u0435\u043d\u0438\u044f":"7 \u043c\u0438\u043d\u0443\u0442"},"schema":{"@context":"https:\/\/schema.org","@graph":[{"@type":"WebPage","@id":"https:\/\/www.mamibot.ee\/ru\/%d0%bf%d0%be%d0%bb%d0%b8%d1%82%d0%b8%d0%ba%d0%b0-%d0%ba%d0%be%d0%bd%d1%84%d0%b8%d0%b4%d0%b5%d0%bd%d1%86%d0%b8%d0%b0%d0%bb%d1%8c%d0%bd%d0%be%d1%81%d1%82%d0%b8\/","url":"https:\/\/www.mamibot.ee\/ru\/%d0%bf%d0%be%d0%bb%d0%b8%d1%82%d0%b8%d0%ba%d0%b0-%d0%ba%d0%be%d0%bd%d1%84%d0%b8%d0%b4%d0%b5%d0%bd%d1%86%d0%b8%d0%b0%d0%bb%d1%8c%d0%bd%d0%be%d1%81%d1%82%d0%b8\/","name":"\u041f\u043e\u043b\u0438\u0442\u0438\u043a\u0430 \u043a\u043e\u043d\u0444\u0438\u0434\u0435\u043d\u0446\u0438\u0430\u043b\u044c\u043d\u043e\u0441\u0442\u0438 | \u0420\u043e\u0431\u043e\u0442\u044b-\u0443\u0431\u043e\u0440\u0449\u0438\u043a\u0438 | Mamibot","isPartOf":{"@id":"https:\/\/www.mamibot.ee\/#website"},"datePublished":"2020-03-08T23:20:04+00:00","dateModified":"2020-03-08T23:20:05+00:00","breadcrumb":{"@id":"https:\/\/www.mamibot.ee\/ru\/%d0%bf%d0%be%d0%bb%d0%b8%d1%82%d0%b8%d0%ba%d0%b0-%d0%ba%d0%be%d0%bd%d1%84%d0%b8%d0%b4%d0%b5%d0%bd%d1%86%d0%b8%d0%b0%d0%bb%d1%8c%d0%bd%d0%be%d1%81%d1%82%d0%b8\/#breadcrumb"},"inLanguage":"ru-RU","potentialAction":[{"@type":"ReadAction","target":["https:\/\/www.mamibot.ee\/ru\/%d0%bf%d0%be%d0%bb%d0%b8%d1%82%d0%b8%d0%ba%d0%b0-%d0%ba%d0%be%d0%bd%d1%84%d0%b8%d0%b4%d0%b5%d0%bd%d1%86%d0%b8%d0%b0%d0%bb%d1%8c%d0%bd%d0%be%d1%81%d1%82%d0%b8\/"]}]},{"@type":"BreadcrumbList","@id":"https:\/\/www.mamibot.ee\/ru\/%d0%bf%d0%be%d0%bb%d0%b8%d1%82%d0%b8%d0%ba%d0%b0-%d0%ba%d0%be%d0%bd%d1%84%d0%b8%d0%b4%d0%b5%d0%bd%d1%86%d0%b8%d0%b0%d0%bb%d1%8c%d0%bd%d0%be%d1%81%d1%82%d0%b8\/#breadcrumb","itemListElement":[{"@type":"ListItem","position":1,"name":"Home","item":"https:\/\/www.mamibot.ee\/ru\/"},{"@type":"ListItem","position":2,"name":"\u041f\u043e\u043b\u0438\u0442\u0438\u043a\u0430 \u043a\u043e\u043d\u0444\u0438\u0434\u0435\u043d\u0446\u0438\u0430\u043b\u044c\u043d\u043e\u0441\u0442\u0438"}]},{"@type":"WebSite","@id":"https:\/\/www.mamibot.ee\/#website","url":"https:\/\/www.mamibot.ee\/","name":"Mamibot robottolmuimejad","description":"\u041d\u0430\u043f\u0440\u044f\u043c\u0443\u044e \u043e\u0442 \u0438\u043c\u043f\u043e\u0440\u0442\u0435\u0440\u0430!","publisher":{"@id":"https:\/\/www.mamibot.ee\/#organization"},"potentialAction":[{"@type":"SearchAction","target":{"@type":"EntryPoint","urlTemplate":"https:\/\/www.mamibot.ee\/?s={search_term_string}"},"query-input":{"@type":"PropertyValueSpecification","valueRequired":true,"valueName":"search_term_string"}}],"inLanguage":"ru-RU"},{"@type":"Organization","@id":"https:\/\/www.mamibot.ee\/#organization","name":"Mamibot Robottolmuimejad","url":"https:\/\/www.mamibot.ee\/","logo":{"@type":"ImageObject","inLanguage":"ru-RU","@id":"https:\/\/www.mamibot.ee\/#\/schema\/logo\/image\/","url":"https:\/\/www.mamibot.ee\/wp-content\/uploads\/2018\/10\/Logo_Polti.png","contentUrl":"https:\/\/www.mamibot.ee\/wp-content\/uploads\/2018\/10\/Logo_Polti.png","width":2446,"height":567,"caption":"Mamibot Robottolmuimejad"},"image":{"@id":"https:\/\/www.mamibot.ee\/#\/schema\/logo\/image\/"},"sameAs":["https:\/\/www.facebook.com\/MamibotRobotid\/"]}]}},"_links":{"self":[{"href":"https:\/\/www.mamibot.ee\/ru\/wp-json\/wp\/v2\/pages\/8264","targetHints":{"allow":["GET"]}}],"collection":[{"href":"https:\/\/www.mamibot.ee\/ru\/wp-json\/wp\/v2\/pages"}],"about":[{"href":"https:\/\/www.mamibot.ee\/ru\/wp-json\/wp\/v2\/types\/page"}],"author":[{"embeddable":true,"href":"https:\/\/www.mamibot.ee\/ru\/wp-json\/wp\/v2\/users\/1"}],"replies":[{"embeddable":true,"href":"https:\/\/www.mamibot.ee\/ru\/wp-json\/wp\/v2\/comments?post=8264"}],"version-history":[{"count":0,"href":"https:\/\/www.mamibot.ee\/ru\/wp-json\/wp\/v2\/pages\/8264\/revisions"}],"wp:attachment":[{"href":"https:\/\/www.mamibot.ee\/ru\/wp-json\/wp\/v2\/media?parent=8264"}],"curies":[{"name":"wp","href":"https:\/\/api.w.org\/{rel}","templated":true}]}}